{"id":1208,"date":"2020-08-02T14:52:07","date_gmt":"2020-08-02T11:52:07","guid":{"rendered":"http:\/\/arastirma.disk.org.tr\/?page_id=1208"},"modified":"2020-08-24T19:28:24","modified_gmt":"2020-08-24T16:28:24","slug":"disk-ar-dergi","status":"publish","type":"page","link":"https:\/\/arastirma.disk.org.tr\/?page_id=1208","title":{"rendered":"D\u0130SK-AR Dergi"},"content":{"rendered":"\t\t<div data-elementor-type=\"wp-page\" data-elementor-id=\"1208\" class=\"elementor elementor-1208\">\n\t\t\t\t\t\t<section class=\"elementor-section elementor-top-section elementor-element elementor-element-8cf51f1 elementor-section-boxed elementor-section-height-default elementor-section-height-default\" data-id=\"8cf51f1\" data-element_type=\"section\">\n\t\t\t\t\t\t<div class=\"elementor-container elementor-column-gap-default\">\n\t\t\t\t\t<div class=\"elementor-column elementor-col-50 elementor-top-column elementor-element elementor-element-cf16ce6\" data-id=\"cf16ce6\" data-element_type=\"column\">\n\t\t\t<div class=\"elementor-widget-wrap elementor-element-populated\">\n\t\t\t\t\t\t<div class=\"elementor-element elementor-element-be80f2c elementor-widget elementor-widget-text-editor\" data-id=\"be80f2c\" data-element_type=\"widget\" data-widget_type=\"text-editor.default\">\n\t\t\t\t<div class=\"elementor-widget-container\">\n\t\t\t\t\t\t\t\t\t<blockquote><p>D\u0130SK-AR taraf\u0131ndan 2013-2016 aras\u0131nda 5 say\u0131 yay\u0131mlanan dergi.\u00a0<\/p><\/blockquote><p style=\"text-align: center;\">D\u0130SK-AR dergisi F. Serkan \u00d6ngel&#8217;in edit\u00f6rl\u00fc\u011f\u00fcnde haz\u0131rland\u0131. Dergi yay\u0131n kurulunda Asl\u0131 Kayhan, Aynur \u00d6zu\u011furlu, Ayt\u00fcl F\u0131rat, Ceren Ak\u00e7abay, Gencer \u00c7ak\u0131r, \u0130dris Akkuzu, \u0130rfan kayg\u0131s\u0131z, Kurtar Tany\u0131lmaz ve Meryem Kurtulmu\u015f yer ald\u0131.<\/p><p style=\"text-align: center;\">D\u0130SK-AR dergisi,\u00a0<em>D\u0130SK\u00a0<\/em>dergisinin yeni bir i\u00e7erikle yay\u0131ma ba\u015flama karar\u0131 ve D\u0130SK \u00fcyesi iki sendika taraf\u0131ndan yay\u0131mlanan iki akademik derginin (\u00c7al\u0131\u015fma ve Toplum ile Emek Ara\u015ft\u0131rma) varl\u0131\u011f\u0131 nedeniyle <i>5. say\u0131\u00a0sonras\u0131nda\u00a0<\/i>yay\u0131m\u0131na ara verdi.<\/p><p style=\"text-align: center;\"><em>Dergi say\u0131lar\u0131na kapaklar\u0131 t\u0131klayarak ula\u015fabilirsiniz.<\/em><\/p><p style=\"text-align: left;\">\u00a0<\/p>\t\t\t\t\t\t\t\t<\/div>\n\t\t\t\t<\/div>\n\t\t\t\t\t<\/div>\n\t\t<\/div>\n\t\t\t\t<div class=\"elementor-column elementor-col-50 elementor-top-column elementor-element elementor-element-514fa8d\" data-id=\"514fa8d\" data-element_type=\"column\">\n\t\t\t<div class=\"elementor-widget-wrap elementor-element-populated\">\n\t\t\t\t\t\t<div class=\"elementor-element elementor-element-512bdd5 elementor-widget elementor-widget-image\" data-id=\"512bdd5\" data-element_type=\"widget\" data-widget_type=\"image.default\">\n\t\t\t\t<div class=\"elementor-widget-container\">\n\t\t\t\t\t\t\t\t\t\t\t\t<figure class=\"wp-caption\">\n\t\t\t\t\t\t\t\t\t\t\t<a href=\"https:\/\/wp.me\/pbeW9X-QB\">\n\t\t\t\t\t\t\t<img fetchpriority=\"high\" decoding=\"async\" width=\"697\" height=\"1024\" src=\"https:\/\/arastirma.disk.org.tr\/wp-content\/uploads\/2020\/08\/DiSK-AR_01-KAPAK-1-697x1024.jpg\" class=\"attachment-large size-large wp-image-3263\" alt=\"\" srcset=\"https:\/\/arastirma.disk.org.tr\/wp-content\/uploads\/2020\/08\/DiSK-AR_01-KAPAK-1-697x1024.jpg 697w, https:\/\/arastirma.disk.org.tr\/wp-content\/uploads\/2020\/08\/DiSK-AR_01-KAPAK-1-204x300.jpg 204w, https:\/\/arastirma.disk.org.tr\/wp-content\/uploads\/2020\/08\/DiSK-AR_01-KAPAK-1-768x1128.jpg 768w, https:\/\/arastirma.disk.org.tr\/wp-content\/uploads\/2020\/08\/DiSK-AR_01-KAPAK-1-1046x1536.jpg 1046w, https:\/\/arastirma.disk.org.tr\/wp-content\/uploads\/2020\/08\/DiSK-AR_01-KAPAK-1-1395x2048.jpg 1395w, https:\/\/arastirma.disk.org.tr\/wp-content\/uploads\/2020\/08\/DiSK-AR_01-KAPAK-1-scaled.jpg 1743w\" sizes=\"(max-width: 697px) 100vw, 697px\" \/>\t\t\t\t\t\t\t\t<\/a>\n\t\t\t\t\t\t\t\t\t\t\t<figcaption class=\"widget-image-caption wp-caption-text\"><\/figcaption>\n\t\t\t\t\t\t\t\t\t\t<\/figure>\n\t\t\t\t\t\t\t\t\t<\/div>\n\t\t\t\t<\/div>\n\t\t\t\t\t<\/div>\n\t\t<\/div>\n\t\t\t\t\t<\/div>\n\t\t<\/section>\n\t\t\t\t<section class=\"elementor-section elementor-top-section elementor-element elementor-element-51750c0 elementor-section-boxed elementor-section-height-default elementor-section-height-default\" data-id=\"51750c0\" data-element_type=\"section\">\n\t\t\t\t\t\t<div class=\"elementor-container elementor-column-gap-default\">\n\t\t\t\t\t<div class=\"elementor-column elementor-col-50 elementor-top-column elementor-element elementor-element-0001136\" data-id=\"0001136\" data-element_type=\"column\">\n\t\t\t<div class=\"elementor-widget-wrap elementor-element-populated\">\n\t\t\t\t\t\t<div class=\"elementor-element elementor-element-b80d3d6 elementor-widget elementor-widget-image\" data-id=\"b80d3d6\" data-element_type=\"widget\" data-widget_type=\"image.default\">\n\t\t\t\t<div class=\"elementor-widget-container\">\n\t\t\t\t\t\t\t\t\t\t\t\t\t\t\t\t<a href=\"https:\/\/wp.me\/pbeW9X-QW\">\n\t\t\t\t\t\t\t<img decoding=\"async\" width=\"454\" height=\"667\" src=\"https:\/\/arastirma.disk.org.tr\/wp-content\/uploads\/2020\/08\/DiSK-AR_2Kapak.jpg\" class=\"attachment-large size-large wp-image-3280\" alt=\"\" srcset=\"https:\/\/arastirma.disk.org.tr\/wp-content\/uploads\/2020\/08\/DiSK-AR_2Kapak.jpg 454w, https:\/\/arastirma.disk.org.tr\/wp-content\/uploads\/2020\/08\/DiSK-AR_2Kapak-204x300.jpg 204w\" sizes=\"(max-width: 454px) 100vw, 454px\" \/>\t\t\t\t\t\t\t\t<\/a>\n\t\t\t\t\t\t\t\t\t\t\t\t\t\t\t<\/div>\n\t\t\t\t<\/div>\n\t\t\t\t\t<\/div>\n\t\t<\/div>\n\t\t\t\t<div class=\"elementor-column elementor-col-50 elementor-top-column elementor-element elementor-element-b061631\" data-id=\"b061631\" data-element_type=\"column\">\n\t\t\t<div class=\"elementor-widget-wrap elementor-element-populated\">\n\t\t\t\t\t\t<div class=\"elementor-element elementor-element-5c9cd86 elementor-widget elementor-widget-image\" data-id=\"5c9cd86\" data-element_type=\"widget\" data-widget_type=\"image.default\">\n\t\t\t\t<div class=\"elementor-widget-container\">\n\t\t\t\t\t\t\t\t\t\t\t\t\t\t\t\t<a href=\"http:\/\/arastirma.disk.org.tr\/?p=3307%20\">\n\t\t\t\t\t\t\t<img decoding=\"async\" width=\"696\" height=\"1024\" src=\"https:\/\/arastirma.disk.org.tr\/wp-content\/uploads\/2020\/08\/DiSK-AR_KAPAK03-1-696x1024.jpg\" class=\"attachment-large size-large wp-image-3306\" alt=\"\" srcset=\"https:\/\/arastirma.disk.org.tr\/wp-content\/uploads\/2020\/08\/DiSK-AR_KAPAK03-1-696x1024.jpg 696w, https:\/\/arastirma.disk.org.tr\/wp-content\/uploads\/2020\/08\/DiSK-AR_KAPAK03-1-204x300.jpg 204w, https:\/\/arastirma.disk.org.tr\/wp-content\/uploads\/2020\/08\/DiSK-AR_KAPAK03-1-768x1130.jpg 768w, https:\/\/arastirma.disk.org.tr\/wp-content\/uploads\/2020\/08\/DiSK-AR_KAPAK03-1-1044x1536.jpg 1044w, https:\/\/arastirma.disk.org.tr\/wp-content\/uploads\/2020\/08\/DiSK-AR_KAPAK03-1-1392x2048.jpg 1392w, https:\/\/arastirma.disk.org.tr\/wp-content\/uploads\/2020\/08\/DiSK-AR_KAPAK03-1.jpg 1554w\" sizes=\"(max-width: 696px) 100vw, 696px\" \/>\t\t\t\t\t\t\t\t<\/a>\n\t\t\t\t\t\t\t\t\t\t\t\t\t\t\t<\/div>\n\t\t\t\t<\/div>\n\t\t\t\t\t<\/div>\n\t\t<\/div>\n\t\t\t\t\t<\/div>\n\t\t<\/section>\n\t\t\t\t<section class=\"elementor-section elementor-top-section elementor-element elementor-element-0193cf1 elementor-section-boxed elementor-section-height-default elementor-section-height-default\" data-id=\"0193cf1\" data-element_type=\"section\">\n\t\t\t\t\t\t<div class=\"elementor-container elementor-column-gap-default\">\n\t\t\t\t\t<div class=\"elementor-column elementor-col-50 elementor-top-column elementor-element elementor-element-40aadfc\" data-id=\"40aadfc\" data-element_type=\"column\">\n\t\t\t<div class=\"elementor-widget-wrap elementor-element-populated\">\n\t\t\t\t\t\t<div class=\"elementor-element elementor-element-1b7713c elementor-widget elementor-widget-image\" data-id=\"1b7713c\" data-element_type=\"widget\" data-widget_type=\"image.default\">\n\t\t\t\t<div class=\"elementor-widget-container\">\n\t\t\t\t\t\t\t\t\t\t\t\t\t\t\t\t<a href=\"http:\/\/arastirma.disk.org.tr\/?p=3315%20\">\n\t\t\t\t\t\t\t<img loading=\"lazy\" decoding=\"async\" width=\"711\" height=\"1024\" src=\"https:\/\/arastirma.disk.org.tr\/wp-content\/uploads\/2020\/08\/DiSKAR_KAPAK04-711x1024.jpg\" class=\"attachment-large size-large wp-image-3313\" alt=\"\" srcset=\"https:\/\/arastirma.disk.org.tr\/wp-content\/uploads\/2020\/08\/DiSKAR_KAPAK04-711x1024.jpg 711w, https:\/\/arastirma.disk.org.tr\/wp-content\/uploads\/2020\/08\/DiSKAR_KAPAK04-208x300.jpg 208w, https:\/\/arastirma.disk.org.tr\/wp-content\/uploads\/2020\/08\/DiSKAR_KAPAK04-768x1105.jpg 768w, https:\/\/arastirma.disk.org.tr\/wp-content\/uploads\/2020\/08\/DiSKAR_KAPAK04-1067x1536.jpg 1067w, https:\/\/arastirma.disk.org.tr\/wp-content\/uploads\/2020\/08\/DiSKAR_KAPAK04-1423x2048.jpg 1423w, https:\/\/arastirma.disk.org.tr\/wp-content\/uploads\/2020\/08\/DiSKAR_KAPAK04-scaled.jpg 1779w\" sizes=\"(max-width: 711px) 100vw, 711px\" \/>\t\t\t\t\t\t\t\t<\/a>\n\t\t\t\t\t\t\t\t\t\t\t\t\t\t\t<\/div>\n\t\t\t\t<\/div>\n\t\t\t\t\t<\/div>\n\t\t<\/div>\n\t\t\t\t<div class=\"elementor-column elementor-col-50 elementor-top-column elementor-element elementor-element-08a2125\" data-id=\"08a2125\" data-element_type=\"column\">\n\t\t\t<div class=\"elementor-widget-wrap elementor-element-populated\">\n\t\t\t\t\t\t<div class=\"elementor-element elementor-element-4368bdb elementor-widget elementor-widget-image\" data-id=\"4368bdb\" data-element_type=\"widget\" data-widget_type=\"image.default\">\n\t\t\t\t<div class=\"elementor-widget-container\">\n\t\t\t\t\t\t\t\t\t\t\t\t\t\t\t\t<a href=\"http:\/\/arastirma.disk.org.tr\/?p=3323\">\n\t\t\t\t\t\t\t<img loading=\"lazy\" decoding=\"async\" width=\"689\" height=\"1024\" src=\"https:\/\/arastirma.disk.org.tr\/wp-content\/uploads\/2020\/08\/DiSK-AR_K_ON-689x1024.jpg\" class=\"attachment-large size-large wp-image-3322\" alt=\"\" srcset=\"https:\/\/arastirma.disk.org.tr\/wp-content\/uploads\/2020\/08\/DiSK-AR_K_ON-689x1024.jpg 689w, https:\/\/arastirma.disk.org.tr\/wp-content\/uploads\/2020\/08\/DiSK-AR_K_ON-202x300.jpg 202w, https:\/\/arastirma.disk.org.tr\/wp-content\/uploads\/2020\/08\/DiSK-AR_K_ON-768x1141.jpg 768w, https:\/\/arastirma.disk.org.tr\/wp-content\/uploads\/2020\/08\/DiSK-AR_K_ON-1034x1536.jpg 1034w, https:\/\/arastirma.disk.org.tr\/wp-content\/uploads\/2020\/08\/DiSK-AR_K_ON-1379x2048.jpg 1379w, https:\/\/arastirma.disk.org.tr\/wp-content\/uploads\/2020\/08\/DiSK-AR_K_ON-scaled.jpg 1723w\" sizes=\"(max-width: 689px) 100vw, 689px\" \/>\t\t\t\t\t\t\t\t<\/a>\n\t\t\t\t\t\t\t\t\t\t\t\t\t\t\t<\/div>\n\t\t\t\t<\/div>\n\t\t\t\t\t<\/div>\n\t\t<\/div>\n\t\t\t\t\t<\/div>\n\t\t<\/section>\n\t\t\t\t<\/div>\n\t\t","protected":false},"excerpt":{"rendered":"<p>D\u0130SK-AR taraf\u0131ndan 2013-2016 aras\u0131nda 5 say\u0131 yay\u0131mlanan dergi.\u00a0 D\u0130SK-AR dergisi F. Serkan \u00d6ngel&#8217;in edit\u00f6rl\u00fc\u011f\u00fcnde haz\u0131rland\u0131. Dergi yay\u0131n kurulunda Asl\u0131 Kayhan, Aynur \u00d6zu\u011furlu, Ayt\u00fcl F\u0131rat, Ceren&#8230;<\/p>\n","protected":false},"author":3,"featured_media":0,"parent":0,"menu_order":0,"comment_status":"closed","ping_status":"closed","template":"template-c-s1-page.php","meta":{"footnotes":""},"class_list":["post-1208","page","type-page","status-publish","hentry"],"_links":{"self":[{"href":"https:\/\/arastirma.disk.org.tr\/index.php?rest_route=\/wp\/v2\/pages\/1208","targetHints":{"allow":["GET"]}}],"collection":[{"href":"https:\/\/arastirma.disk.org.tr\/index.php?rest_route=\/wp\/v2\/pages"}],"about":[{"href":"https:\/\/arastirma.disk.org.tr\/index.php?rest_route=\/wp\/v2\/types\/page"}],"author":[{"embeddable":true,"href":"https:\/\/arastirma.disk.org.tr\/index.php?rest_route=\/wp\/v2\/users\/3"}],"replies":[{"embeddable":true,"href":"https:\/\/arastirma.disk.org.tr\/index.php?rest_route=%2Fwp%2Fv2%2Fcomments&post=1208"}],"version-history":[{"count":11,"href":"https:\/\/arastirma.disk.org.tr\/index.php?rest_route=\/wp\/v2\/pages\/1208\/revisions"}],"predecessor-version":[{"id":3337,"href":"https:\/\/arastirma.disk.org.tr\/index.php?rest_route=\/wp\/v2\/pages\/1208\/revisions\/3337"}],"wp:attachment":[{"href":"https:\/\/arastirma.disk.org.tr\/index.php?rest_route=%2Fwp%2Fv2%2Fmedia&parent=1208"}],"curies":[{"name":"wp","href":"https:\/\/api.w.org\/{rel}","templated":true}]}}