{"id":13437,"date":"2025-12-29T10:53:01","date_gmt":"2025-12-29T07:53:01","guid":{"rendered":"https:\/\/arastirma.disk.org.tr\/?page_id=13437"},"modified":"2026-03-09T13:31:20","modified_gmt":"2026-03-09T10:31:20","slug":"enflasyon","status":"publish","type":"page","link":"https:\/\/arastirma.disk.org.tr\/?page_id=13437","title":{"rendered":"Enflasyon"},"content":{"rendered":"\t\t<div data-elementor-type=\"wp-page\" data-elementor-id=\"13437\" class=\"elementor elementor-13437\">\n\t\t\t\t\t\t<section class=\"elementor-section elementor-top-section elementor-element elementor-element-2ae8fda elementor-section-boxed elementor-section-height-default elementor-section-height-default\" data-id=\"2ae8fda\" data-element_type=\"section\">\n\t\t\t\t\t\t<div class=\"elementor-container elementor-column-gap-default\">\n\t\t\t\t\t<div class=\"elementor-column elementor-col-100 elementor-top-column elementor-element elementor-element-adcc61a\" data-id=\"adcc61a\" data-element_type=\"column\">\n\t\t\t<div class=\"elementor-widget-wrap elementor-element-populated\">\n\t\t\t\t\t\t<div class=\"elementor-element elementor-element-b7a5548 elementor-widget elementor-widget-accordion\" data-id=\"b7a5548\" data-element_type=\"widget\" data-widget_type=\"accordion.default\">\n\t\t\t\t<div class=\"elementor-widget-container\">\n\t\t\t\t\t\t\t<div class=\"elementor-accordion\">\n\t\t\t\t\t\t\t<div class=\"elementor-accordion-item\">\n\t\t\t\t\t<div id=\"elementor-tab-title-1921\" class=\"elementor-tab-title\" data-tab=\"1\" role=\"button\" aria-controls=\"elementor-tab-content-1921\" aria-expanded=\"false\">\n\t\t\t\t\t\t\t\t\t\t\t\t\t<span class=\"elementor-accordion-icon elementor-accordion-icon-left\" aria-hidden=\"true\">\n\t\t\t\t\t\t\t\t\t\t\t\t\t\t\t<span class=\"elementor-accordion-icon-closed\"><i class=\"fas fa-plus\"><\/i><\/span>\n\t\t\t\t\t\t\t\t<span class=\"elementor-accordion-icon-opened\"><i class=\"fas fa-minus\"><\/i><\/span>\n\t\t\t\t\t\t\t\t\t\t\t\t\t\t<\/span>\n\t\t\t\t\t\t\t\t\t\t\t\t<a class=\"elementor-accordion-title\" tabindex=\"0\">2026<\/a>\n\t\t\t\t\t<\/div>\n\t\t\t\t\t<div id=\"elementor-tab-content-1921\" class=\"elementor-tab-content elementor-clearfix\" data-tab=\"1\" role=\"region\" aria-labelledby=\"elementor-tab-title-1921\"><ul>\n<li><a href=\"https:\/\/arastirma.disk.org.tr\/?p=13491\" target=\"_blank\"><b>Ocak<\/b><\/a><\/li>\n<li><a href=\"https:\/\/arastirma.disk.org.tr\/?p=13571\" target=\"_blank\"><b>\u015eubat<\/b><\/a><\/li><li><a href=\"https:\/\/arastirma.disk.org.tr\/?p=13603\" target=\"_blank\"><b>Mart&nbsp;<\/b><\/a><br><\/li>\n<\/ul><\/div>\n\t\t\t\t<\/div>\n\t\t\t\t\t\t\t<div class=\"elementor-accordion-item\">\n\t\t\t\t\t<div id=\"elementor-tab-title-1922\" class=\"elementor-tab-title\" data-tab=\"2\" role=\"button\" aria-controls=\"elementor-tab-content-1922\" aria-expanded=\"false\">\n\t\t\t\t\t\t\t\t\t\t\t\t\t<span class=\"elementor-accordion-icon elementor-accordion-icon-left\" aria-hidden=\"true\">\n\t\t\t\t\t\t\t\t\t\t\t\t\t\t\t<span class=\"elementor-accordion-icon-closed\"><i class=\"fas fa-plus\"><\/i><\/span>\n\t\t\t\t\t\t\t\t<span class=\"elementor-accordion-icon-opened\"><i class=\"fas fa-minus\"><\/i><\/span>\n\t\t\t\t\t\t\t\t\t\t\t\t\t\t<\/span>\n\t\t\t\t\t\t\t\t\t\t\t\t<a class=\"elementor-accordion-title\" tabindex=\"0\">2025<\/a>\n\t\t\t\t\t<\/div>\n\t\t\t\t\t<div id=\"elementor-tab-content-1922\" class=\"elementor-tab-content elementor-clearfix\" data-tab=\"2\" role=\"region\" aria-labelledby=\"elementor-tab-title-1922\"><ul><li><b><a href=\"https:\/\/arastirma.disk.org.tr\/?p=12420\" target=\"_blank\" rel=\"noopener\">Ocak<\/a><br \/><\/b><\/li><li><b><a href=\"https:\/\/arastirma.disk.org.tr\/?p=12525\" target=\"_blank\" rel=\"noopener\">\u015eubat<\/a><br \/><\/b><\/li><li><b><a href=\"https:\/\/arastirma.disk.org.tr\/?p=12656\" target=\"_blank\" rel=\"noopener\">Mart<\/a><br \/><\/b><\/li><li><b><a href=\"https:\/\/arastirma.disk.org.tr\/?p=12721\" target=\"_blank\" rel=\"noopener\">Nisan<\/a><br \/><\/b><\/li><li><b><a href=\"https:\/\/arastirma.disk.org.tr\/?p=12791\" target=\"_blank\" rel=\"noopener\">May\u0131s<\/a><br \/><\/b><\/li><li><b><a href=\"https:\/\/arastirma.disk.org.tr\/?p=12869\" target=\"_blank\" rel=\"noopener\">Haziran<\/a><br \/><\/b><\/li><li><b><a href=\"https:\/\/arastirma.disk.org.tr\/?p=12909\" target=\"_blank\" rel=\"noopener\">Temmuz<\/a><br \/><\/b><\/li><li><b><a href=\"https:\/\/arastirma.disk.org.tr\/?p=13052\" target=\"_blank\" rel=\"noopener\">A\u011fustos<\/a><br \/><\/b><\/li><li><b><a href=\"https:\/\/arastirma.disk.org.tr\/?p=13139\" target=\"_blank\" rel=\"noopener\">Eyl\u00fcl<\/a><br \/><\/b><\/li><li><b><a href=\"https:\/\/arastirma.disk.org.tr\/?p=13256\" target=\"_blank\" rel=\"noopener\">Ekim<\/a><br \/><\/b><\/li><li><b><a href=\"https:\/\/arastirma.disk.org.tr\/?p=13343\" target=\"_blank\" rel=\"noopener\">Kas\u0131m<\/a><br \/><\/b><\/li><li><a href=\"https:\/\/arastirma.disk.org.tr\/?p=13405\" target=\"_blank\" rel=\"noopener\"><b>Aral\u0131k<\/b><\/a><\/li><\/ul><\/div>\n\t\t\t\t<\/div>\n\t\t\t\t\t\t\t<div class=\"elementor-accordion-item\">\n\t\t\t\t\t<div id=\"elementor-tab-title-1923\" class=\"elementor-tab-title\" data-tab=\"3\" role=\"button\" aria-controls=\"elementor-tab-content-1923\" aria-expanded=\"false\">\n\t\t\t\t\t\t\t\t\t\t\t\t\t<span class=\"elementor-accordion-icon elementor-accordion-icon-left\" aria-hidden=\"true\">\n\t\t\t\t\t\t\t\t\t\t\t\t\t\t\t<span class=\"elementor-accordion-icon-closed\"><i class=\"fas fa-plus\"><\/i><\/span>\n\t\t\t\t\t\t\t\t<span class=\"elementor-accordion-icon-opened\"><i class=\"fas fa-minus\"><\/i><\/span>\n\t\t\t\t\t\t\t\t\t\t\t\t\t\t<\/span>\n\t\t\t\t\t\t\t\t\t\t\t\t<a class=\"elementor-accordion-title\" tabindex=\"0\">2024<\/a>\n\t\t\t\t\t<\/div>\n\t\t\t\t\t<div id=\"elementor-tab-content-1923\" class=\"elementor-tab-content elementor-clearfix\" data-tab=\"3\" role=\"region\" aria-labelledby=\"elementor-tab-title-1923\"><ul><li><a href=\"https:\/\/arastirma.disk.org.tr\/?p=10691\" target=\"_blank\" rel=\"noopener\"><b>Ocak<\/b><\/a><\/li><li><a href=\"https:\/\/arastirma.disk.org.tr\/?p=10805\" target=\"_blank\" rel=\"noopener\"><b>\u015eubat<\/b><\/a><\/li><li><a href=\"https:\/\/arastirma.disk.org.tr\/?p=10924\" target=\"_blank\" rel=\"noopener\"><b>Mart<\/b><\/a><\/li><li><a href=\"https:\/\/arastirma.disk.org.tr\/?p=11134\" target=\"_blank\" rel=\"noopener\"><b>Nisan<\/b><\/a><\/li><li><a href=\"https:\/\/arastirma.disk.org.tr\/?p=11385\" target=\"_blank\" rel=\"noopener\"><b>May\u0131s<\/b><\/a><\/li><li><a href=\"https:\/\/arastirma.disk.org.tr\/?p=11569\" target=\"_blank\" rel=\"noopener\"><b>Haziran<\/b><\/a><\/li><li><a href=\"https:\/\/arastirma.disk.org.tr\/?p=11673\" target=\"_blank\" rel=\"noopener\"><b>Temmuz<\/b><\/a><\/li><li><a href=\"https:\/\/arastirma.disk.org.tr\/?p=11803\" target=\"_blank\" rel=\"noopener\"><b>A\u011fustos<\/b><\/a><\/li><li><a href=\"https:\/\/arastirma.disk.org.tr\/?p=11930\" target=\"_blank\" rel=\"noopener\"><b>Eyl\u00fcl<\/b><\/a><\/li><li><a href=\"https:\/\/arastirma.disk.org.tr\/?p=12035\" target=\"_blank\" rel=\"noopener\"><b>Ekim<\/b><\/a><\/li><li><a href=\"https:\/\/arastirma.disk.org.tr\/?p=12095\" target=\"_blank\" rel=\"noopener\"><b>Kas\u0131m<\/b><\/a><\/li><li><a href=\"https:\/\/arastirma.disk.org.tr\/?p=12206\" target=\"_blank\" rel=\"noopener\"><b>Aral\u0131k\u00a0<\/b><\/a><\/li><\/ul><\/div>\n\t\t\t\t<\/div>\n\t\t\t\t\t\t\t<div class=\"elementor-accordion-item\">\n\t\t\t\t\t<div id=\"elementor-tab-title-1924\" class=\"elementor-tab-title\" data-tab=\"4\" role=\"button\" aria-controls=\"elementor-tab-content-1924\" aria-expanded=\"false\">\n\t\t\t\t\t\t\t\t\t\t\t\t\t<span class=\"elementor-accordion-icon elementor-accordion-icon-left\" aria-hidden=\"true\">\n\t\t\t\t\t\t\t\t\t\t\t\t\t\t\t<span class=\"elementor-accordion-icon-closed\"><i class=\"fas fa-plus\"><\/i><\/span>\n\t\t\t\t\t\t\t\t<span class=\"elementor-accordion-icon-opened\"><i class=\"fas fa-minus\"><\/i><\/span>\n\t\t\t\t\t\t\t\t\t\t\t\t\t\t<\/span>\n\t\t\t\t\t\t\t\t\t\t\t\t<a class=\"elementor-accordion-title\" tabindex=\"0\">2023<\/a>\n\t\t\t\t\t<\/div>\n\t\t\t\t\t<div id=\"elementor-tab-content-1924\" class=\"elementor-tab-content elementor-clearfix\" data-tab=\"4\" role=\"region\" aria-labelledby=\"elementor-tab-title-1924\"><ul><li><b><a href=\"https:\/\/arastirma.disk.org.tr\/?p=9636\" target=\"_blank\" rel=\"noopener\">Ocak\u00a0<\/a><\/b><\/li><li><b><a href=\"https:\/\/arastirma.disk.org.tr\/?p=9746\" target=\"_blank\" rel=\"noopener\">\u015eubat<\/a><\/b><\/li><li><b><a href=\"https:\/\/arastirma.disk.org.tr\/?p=9813\" target=\"_blank\" rel=\"noopener\">Mart<\/a><\/b><\/li><li><b><a href=\"https:\/\/arastirma.disk.org.tr\/?p=9859\" target=\"_blank\" rel=\"noopener\">Nisan<\/a><\/b><\/li><li><b><a href=\"https:\/\/arastirma.disk.org.tr\/?p=9942\" target=\"_blank\" rel=\"noopener\">May\u0131s<\/a><\/b><\/li><li><a href=\"https:\/\/arastirma.disk.org.tr\/?p=10161\" target=\"_blank\" rel=\"noopener\"><b>Haziran<\/b><\/a><\/li><li><a href=\"https:\/\/arastirma.disk.org.tr\/?p=10211\" target=\"_blank\" rel=\"noopener\"><b>Temmuz<\/b><\/a><\/li><li><b><a href=\"https:\/\/arastirma.disk.org.tr\/?p=10272\" target=\"_blank\" rel=\"noopener\">A\u011fustos<\/a><\/b><\/li><li><a href=\"https:\/\/arastirma.disk.org.tr\/?p=10358\" target=\"_blank\" rel=\"noopener\"><b>Eyl\u00fcl<\/b><\/a><\/li><li><a href=\"https:\/\/arastirma.disk.org.tr\/?p=10431\" target=\"_blank\" rel=\"noopener\"><b>Ekim<\/b><\/a><\/li><li><a href=\"https:\/\/arastirma.disk.org.tr\/?p=10542\" target=\"_blank\" rel=\"noopener\"><b>Kas\u0131m<\/b><\/a><\/li><li><a href=\"https:\/\/arastirma.disk.org.tr\/?p=10627\" target=\"_blank\" rel=\"noopener\"><b>Aral\u0131k\u00a0<\/b><\/a><\/li><\/ul><\/div>\n\t\t\t\t<\/div>\n\t\t\t\t\t\t\t<div class=\"elementor-accordion-item\">\n\t\t\t\t\t<div id=\"elementor-tab-title-1925\" class=\"elementor-tab-title\" data-tab=\"5\" role=\"button\" aria-controls=\"elementor-tab-content-1925\" aria-expanded=\"false\">\n\t\t\t\t\t\t\t\t\t\t\t\t\t<span class=\"elementor-accordion-icon elementor-accordion-icon-left\" aria-hidden=\"true\">\n\t\t\t\t\t\t\t\t\t\t\t\t\t\t\t<span class=\"elementor-accordion-icon-closed\"><i class=\"fas fa-plus\"><\/i><\/span>\n\t\t\t\t\t\t\t\t<span class=\"elementor-accordion-icon-opened\"><i class=\"fas fa-minus\"><\/i><\/span>\n\t\t\t\t\t\t\t\t\t\t\t\t\t\t<\/span>\n\t\t\t\t\t\t\t\t\t\t\t\t<a class=\"elementor-accordion-title\" tabindex=\"0\">2022<\/a>\n\t\t\t\t\t<\/div>\n\t\t\t\t\t<div id=\"elementor-tab-content-1925\" class=\"elementor-tab-content elementor-clearfix\" data-tab=\"5\" role=\"region\" aria-labelledby=\"elementor-tab-title-1925\"><ul><li><b><a href=\"https:\/\/arastirma.disk.org.tr\/?p=8639\" target=\"_blank\" rel=\"noopener\">May\u0131s\u00a0<\/a><\/b><\/li><li><b><a href=\"https:\/\/arastirma.disk.org.tr\/?p=8807\" target=\"_blank\" rel=\"noopener\">Haziran<\/a><\/b><\/li><li><b><a href=\"https:\/\/arastirma.disk.org.tr\/?p=8922\" target=\"_blank\" rel=\"noopener\">Temmuz<\/a><\/b><\/li><li><b><a href=\"https:\/\/arastirma.disk.org.tr\/?p=8971\" target=\"_blank\" rel=\"noopener\">A\u011fustos<\/a><\/b><\/li><li><b><a href=\"https:\/\/arastirma.disk.org.tr\/?p=9117\" target=\"_blank\" rel=\"noopener\">Eyl\u00fcl<\/a><\/b><\/li><li><b><a href=\"https:\/\/arastirma.disk.org.tr\/?p=9278\" target=\"_blank\" rel=\"noopener\">Ekim<\/a><\/b><\/li><li><b><a href=\"https:\/\/arastirma.disk.org.tr\/?p=9384\" target=\"_blank\" rel=\"noopener\">Kas\u0131m<\/a><\/b><\/li><li><a href=\"https:\/\/arastirma.disk.org.tr\/?p=9511\" target=\"_blank\" rel=\"noopener\"><b>Aral\u0131k<\/b><\/a><\/li><\/ul><\/div>\n\t\t\t\t<\/div>\n\t\t\t\t\t\t\t<div class=\"elementor-accordion-item\">\n\t\t\t\t\t<div id=\"elementor-tab-title-1926\" class=\"elementor-tab-title\" data-tab=\"6\" role=\"button\" aria-controls=\"elementor-tab-content-1926\" aria-expanded=\"false\">\n\t\t\t\t\t\t\t\t\t\t\t\t\t<span class=\"elementor-accordion-icon elementor-accordion-icon-left\" aria-hidden=\"true\">\n\t\t\t\t\t\t\t\t\t\t\t\t\t\t\t<span class=\"elementor-accordion-icon-closed\"><i class=\"fas fa-plus\"><\/i><\/span>\n\t\t\t\t\t\t\t\t<span class=\"elementor-accordion-icon-opened\"><i class=\"fas fa-minus\"><\/i><\/span>\n\t\t\t\t\t\t\t\t\t\t\t\t\t\t<\/span>\n\t\t\t\t\t\t\t\t\t\t\t\t<a class=\"elementor-accordion-title\" tabindex=\"0\">2021<\/a>\n\t\t\t\t\t<\/div>\n\t\t\t\t\t<div id=\"elementor-tab-content-1926\" class=\"elementor-tab-content elementor-clearfix\" data-tab=\"6\" role=\"region\" aria-labelledby=\"elementor-tab-title-1926\"><ul><li><a href=\"https:\/\/arastirma.disk.org.tr\/?p=4724\" target=\"_blank\" rel=\"noopener\"><b>Ocak\u00a0<\/b><\/a><\/li><\/ul><\/div>\n\t\t\t\t<\/div>\n\t\t\t\t\t\t\t\t<\/div>\n\t\t\t\t\t\t<\/div>\n\t\t\t\t<\/div>\n\t\t\t\t\t<\/div>\n\t\t<\/div>\n\t\t\t\t\t<\/div>\n\t\t<\/section>\n\t\t\t\t<\/div>\n\t\t","protected":false},"excerpt":{"rendered":"<p>2026 Ocak \u015eubat Mart&nbsp; 2025 Ocak \u015eubat Mart Nisan May\u0131s Haziran Temmuz A\u011fustos Eyl\u00fcl Ekim Kas\u0131m Aral\u0131k 2024 Ocak \u015eubat Mart Nisan May\u0131s Haziran Temmuz&#8230;<\/p>\n","protected":false},"author":3,"featured_media":0,"parent":0,"menu_order":0,"comment_status":"closed","ping_status":"closed","template":"template-full-width-page.php","meta":{"footnotes":""},"class_list":["post-13437","page","type-page","status-publish","hentry"],"_links":{"self":[{"href":"https:\/\/arastirma.disk.org.tr\/index.php?rest_route=\/wp\/v2\/pages\/13437","targetHints":{"allow":["GET"]}}],"collection":[{"href":"https:\/\/arastirma.disk.org.tr\/index.php?rest_route=\/wp\/v2\/pages"}],"about":[{"href":"https:\/\/arastirma.disk.org.tr\/index.php?rest_route=\/wp\/v2\/types\/page"}],"author":[{"embeddable":true,"href":"https:\/\/arastirma.disk.org.tr\/index.php?rest_route=\/wp\/v2\/users\/3"}],"replies":[{"embeddable":true,"href":"https:\/\/arastirma.disk.org.tr\/index.php?rest_route=%2Fwp%2Fv2%2Fcomments&post=13437"}],"version-history":[{"count":23,"href":"https:\/\/arastirma.disk.org.tr\/index.php?rest_route=\/wp\/v2\/pages\/13437\/revisions"}],"predecessor-version":[{"id":13615,"href":"https:\/\/arastirma.disk.org.tr\/index.php?rest_route=\/wp\/v2\/pages\/13437\/revisions\/13615"}],"wp:attachment":[{"href":"https:\/\/arastirma.disk.org.tr\/index.php?rest_route=%2Fwp%2Fv2%2Fmedia&parent=13437"}],"curies":[{"name":"wp","href":"https:\/\/api.w.org\/{rel}","templated":true}]}}