{"id":1904,"date":"2020-08-06T11:42:17","date_gmt":"2020-08-06T08:42:17","guid":{"rendered":"http:\/\/arastirma.disk.org.tr\/?page_id=1904"},"modified":"2024-04-19T16:11:19","modified_gmt":"2024-04-19T13:11:19","slug":"kadin-calismalari","status":"publish","type":"page","link":"https:\/\/arastirma.disk.org.tr\/?page_id=1904","title":{"rendered":"Kad\u0131n \u00c7al\u0131\u015fmalar\u0131"},"content":{"rendered":"\t\t<div data-elementor-type=\"wp-page\" data-elementor-id=\"1904\" class=\"elementor elementor-1904\">\n\t\t\t\t\t\t<section class=\"elementor-section elementor-top-section elementor-element elementor-element-7c3063ec elementor-section-boxed elementor-section-height-default elementor-section-height-default\" data-id=\"7c3063ec\" data-element_type=\"section\">\n\t\t\t\t\t\t<div class=\"elementor-container elementor-column-gap-default\">\n\t\t\t\t\t<div class=\"elementor-column elementor-col-100 elementor-top-column elementor-element elementor-element-1d86a44\" data-id=\"1d86a44\" data-element_type=\"column\">\n\t\t\t<div class=\"elementor-widget-wrap elementor-element-populated\">\n\t\t\t\t\t\t<div class=\"elementor-element elementor-element-16b3fb96 elementor-widget-divider--view-line elementor-widget elementor-widget-divider\" data-id=\"16b3fb96\" data-element_type=\"widget\" data-widget_type=\"divider.default\">\n\t\t\t\t<div class=\"elementor-widget-container\">\n\t\t\t\t\t\t\t<div class=\"elementor-divider\">\n\t\t\t<span class=\"elementor-divider-separator\">\n\t\t\t\t\t\t<\/span>\n\t\t<\/div>\n\t\t\t\t\t\t<\/div>\n\t\t\t\t<\/div>\n\t\t\t\t\t<\/div>\n\t\t<\/div>\n\t\t\t\t\t<\/div>\n\t\t<\/section>\n\t\t\t\t<section class=\"elementor-section elementor-top-section elementor-element elementor-element-752ef252 elementor-section-boxed elementor-section-height-default elementor-section-height-default\" data-id=\"752ef252\" data-element_type=\"section\">\n\t\t\t\t\t\t<div class=\"elementor-container elementor-column-gap-default\">\n\t\t\t\t\t<div class=\"elementor-column elementor-col-100 elementor-top-column elementor-element elementor-element-60db88dc\" data-id=\"60db88dc\" data-element_type=\"column\" data-settings=\"{&quot;background_background&quot;:&quot;classic&quot;}\">\n\t\t\t<div class=\"elementor-widget-wrap elementor-element-populated\">\n\t\t\t\t\t\t<div class=\"elementor-element elementor-element-47b5f65c elementor-widget elementor-widget-heading\" data-id=\"47b5f65c\" data-element_type=\"widget\" data-widget_type=\"heading.default\">\n\t\t\t\t<div class=\"elementor-widget-container\">\n\t\t\t\t\t<h2 class=\"elementor-heading-title elementor-size-large\">KADIN \u00c7ALI\u015eMALARI<\/h2>\t\t\t\t<\/div>\n\t\t\t\t<\/div>\n\t\t\t\t<section class=\"elementor-section elementor-inner-section elementor-element elementor-element-3f99584 elementor-section-boxed elementor-section-height-default elementor-section-height-default\" data-id=\"3f99584\" data-element_type=\"section\" data-settings=\"{&quot;background_background&quot;:&quot;classic&quot;}\">\n\t\t\t\t\t\t<div class=\"elementor-container elementor-column-gap-no\">\n\t\t\t\t\t<div class=\"elementor-column elementor-col-50 elementor-inner-column elementor-element elementor-element-fda3780\" data-id=\"fda3780\" data-element_type=\"column\" data-settings=\"{&quot;background_background&quot;:&quot;classic&quot;}\">\n\t\t\t<div class=\"elementor-widget-wrap elementor-element-populated\">\n\t\t\t\t\t\t<div class=\"elementor-element elementor-element-692b9e97 elementor-widget elementor-widget-image\" data-id=\"692b9e97\" data-element_type=\"widget\" data-widget_type=\"image.default\">\n\t\t\t\t<div class=\"elementor-widget-container\">\n\t\t\t\t\t\t\t\t\t\t\t\t\t\t\t\t<a href=\"http:\/\/arastirma.disk.org.tr\/wp-content\/uploads\/2020\/08\/8-mart-kad\u0131n-i\u015f\u00e7i-ger\u00e7e\u011fi-1.pdf\">\n\t\t\t\t\t\t\t<img fetchpriority=\"high\" decoding=\"async\" width=\"724\" height=\"1024\" src=\"https:\/\/arastirma.disk.org.tr\/wp-content\/uploads\/2020\/08\/rapor-kapak-724x1024.jpg\" class=\"attachment-large size-large wp-image-2438\" alt=\"\" srcset=\"https:\/\/arastirma.disk.org.tr\/wp-content\/uploads\/2020\/08\/rapor-kapak-724x1024.jpg 724w, https:\/\/arastirma.disk.org.tr\/wp-content\/uploads\/2020\/08\/rapor-kapak-212x300.jpg 212w, https:\/\/arastirma.disk.org.tr\/wp-content\/uploads\/2020\/08\/rapor-kapak-768x1086.jpg 768w, https:\/\/arastirma.disk.org.tr\/wp-content\/uploads\/2020\/08\/rapor-kapak-1087x1536.jpg 1087w, https:\/\/arastirma.disk.org.tr\/wp-content\/uploads\/2020\/08\/rapor-kapak.jpg 1240w\" sizes=\"(max-width: 724px) 100vw, 724px\" \/>\t\t\t\t\t\t\t\t<\/a>\n\t\t\t\t\t\t\t\t\t\t\t\t\t\t\t<\/div>\n\t\t\t\t<\/div>\n\t\t\t\t<div class=\"elementor-element elementor-element-137e9766 elementor-widget elementor-widget-heading\" data-id=\"137e9766\" data-element_type=\"widget\" data-widget_type=\"heading.default\">\n\t\t\t\t<div class=\"elementor-widget-container\">\n\t\t\t\t\t<h3 class=\"elementor-heading-title elementor-size-large\">T\u00dcRK\u0130YE'DE KADIN \u0130\u015e\u00c7\u0130 GER\u00c7E\u011e\u0130<\/h3>\t\t\t\t<\/div>\n\t\t\t\t<\/div>\n\t\t\t\t<div class=\"elementor-element elementor-element-2c09aa83 elementor-widget-divider--view-line elementor-widget elementor-widget-divider\" data-id=\"2c09aa83\" data-element_type=\"widget\" data-widget_type=\"divider.default\">\n\t\t\t\t<div class=\"elementor-widget-container\">\n\t\t\t\t\t\t\t<div class=\"elementor-divider\">\n\t\t\t<span class=\"elementor-divider-separator\">\n\t\t\t\t\t\t<\/span>\n\t\t<\/div>\n\t\t\t\t\t\t<\/div>\n\t\t\t\t<\/div>\n\t\t\t\t<div class=\"elementor-element elementor-element-2a300184 elementor-widget elementor-widget-text-editor\" data-id=\"2a300184\" data-element_type=\"widget\" data-widget_type=\"text-editor.default\">\n\t\t\t\t<div class=\"elementor-widget-container\">\n\t\t\t\t\t\t\t\t\t<p>Mart 2018<\/p><p>D\u0130SK-AR taraf\u0131ndan haz\u0131rlanan rapor<\/p>\t\t\t\t\t\t\t\t<\/div>\n\t\t\t\t<\/div>\n\t\t\t\t\t<\/div>\n\t\t<\/div>\n\t\t\t\t<div class=\"elementor-column elementor-col-50 elementor-inner-column elementor-element elementor-element-7987f30d\" data-id=\"7987f30d\" data-element_type=\"column\" data-settings=\"{&quot;background_background&quot;:&quot;classic&quot;}\">\n\t\t\t<div class=\"elementor-widget-wrap elementor-element-populated\">\n\t\t\t\t\t\t<div class=\"elementor-element elementor-element-3b5ebf6c elementor-widget elementor-widget-image\" data-id=\"3b5ebf6c\" data-element_type=\"widget\" data-widget_type=\"image.default\">\n\t\t\t\t<div class=\"elementor-widget-container\">\n\t\t\t\t\t\t\t\t\t\t\t\t\t\t\t\t<a href=\"http:\/\/arastirma.disk.org.tr\/wp-content\/uploads\/2020\/08\/Turkiye-isci-sinifi-gorunumu-Toplumsal-Cinsiyet.pdf\">\n\t\t\t\t\t\t\t<img decoding=\"async\" width=\"724\" height=\"1024\" src=\"https:\/\/arastirma.disk.org.tr\/wp-content\/uploads\/2020\/08\/toplumsal-cinsiyet-kapak-724x1024.jpg\" class=\"attachment-large size-large wp-image-2886\" alt=\"\" srcset=\"https:\/\/arastirma.disk.org.tr\/wp-content\/uploads\/2020\/08\/toplumsal-cinsiyet-kapak-724x1024.jpg 724w, https:\/\/arastirma.disk.org.tr\/wp-content\/uploads\/2020\/08\/toplumsal-cinsiyet-kapak-212x300.jpg 212w, https:\/\/arastirma.disk.org.tr\/wp-content\/uploads\/2020\/08\/toplumsal-cinsiyet-kapak-768x1086.jpg 768w, https:\/\/arastirma.disk.org.tr\/wp-content\/uploads\/2020\/08\/toplumsal-cinsiyet-kapak-1086x1536.jpg 1086w, https:\/\/arastirma.disk.org.tr\/wp-content\/uploads\/2020\/08\/toplumsal-cinsiyet-kapak-1448x2048.jpg 1448w, https:\/\/arastirma.disk.org.tr\/wp-content\/uploads\/2020\/08\/toplumsal-cinsiyet-kapak-scaled.jpg 1810w\" sizes=\"(max-width: 724px) 100vw, 724px\" \/>\t\t\t\t\t\t\t\t<\/a>\n\t\t\t\t\t\t\t\t\t\t\t\t\t\t\t<\/div>\n\t\t\t\t<\/div>\n\t\t\t\t<div class=\"elementor-element elementor-element-5a648a elementor-widget elementor-widget-heading\" data-id=\"5a648a\" data-element_type=\"widget\" data-widget_type=\"heading.default\">\n\t\t\t\t<div class=\"elementor-widget-container\">\n\t\t\t\t\t<h3 class=\"elementor-heading-title elementor-size-large\">AYRIMCILIK VE TOPLUMSAL C\u0130NS\u0130YET<\/h3>\t\t\t\t<\/div>\n\t\t\t\t<\/div>\n\t\t\t\t<div class=\"elementor-element elementor-element-16fbffc9 elementor-widget-divider--view-line elementor-widget elementor-widget-divider\" data-id=\"16fbffc9\" data-element_type=\"widget\" data-widget_type=\"divider.default\">\n\t\t\t\t<div class=\"elementor-widget-container\">\n\t\t\t\t\t\t\t<div class=\"elementor-divider\">\n\t\t\t<span class=\"elementor-divider-separator\">\n\t\t\t\t\t\t<\/span>\n\t\t<\/div>\n\t\t\t\t\t\t<\/div>\n\t\t\t\t<\/div>\n\t\t\t\t<div class=\"elementor-element elementor-element-d7ec620 elementor-widget elementor-widget-text-editor\" data-id=\"d7ec620\" data-element_type=\"widget\" data-widget_type=\"text-editor.default\">\n\t\t\t\t<div class=\"elementor-widget-container\">\n\t\t\t\t\t\t\t\t\t<p>D\u0130SK-AR taraf\u0131ndan ger\u00e7ekle\u015ftirilenT\u00fcrkiye \u0130\u015f\u00e7i S\u0131n\u0131f\u0131n\u0131n G\u00f6r\u00fcn\u00fcm\u00fc alan ara\u015ft\u0131rmas\u0131n\u0131n toplumsal cinsiyet b\u00f6l\u00fcm\u00fc<\/p>\t\t\t\t\t\t\t\t<\/div>\n\t\t\t\t<\/div>\n\t\t\t\t\t<\/div>\n\t\t<\/div>\n\t\t\t\t\t<\/div>\n\t\t<\/section>\n\t\t\t\t\t<\/div>\n\t\t<\/div>\n\t\t\t\t\t<\/div>\n\t\t<\/section>\n\t\t\t\t<section class=\"elementor-section elementor-top-section elementor-element elementor-element-8cf4c2a elementor-section-boxed elementor-section-height-default elementor-section-height-default\" data-id=\"8cf4c2a\" data-element_type=\"section\">\n\t\t\t\t\t\t<div class=\"elementor-container elementor-column-gap-default\">\n\t\t\t\t\t<div class=\"elementor-column elementor-col-50 elementor-top-column elementor-element elementor-element-6af68aa\" data-id=\"6af68aa\" data-element_type=\"column\" data-settings=\"{&quot;background_background&quot;:&quot;classic&quot;}\">\n\t\t\t<div class=\"elementor-widget-wrap elementor-element-populated\">\n\t\t\t\t\t\t<div class=\"elementor-element elementor-element-167fcc1 elementor-widget elementor-widget-image\" data-id=\"167fcc1\" data-element_type=\"widget\" data-widget_type=\"image.default\">\n\t\t\t\t<div class=\"elementor-widget-container\">\n\t\t\t\t\t\t\t\t\t\t\t\t\t\t\t\t<a href=\"http:\/\/arastirma.disk.org.tr\/wp-content\/uploads\/2020\/08\/DISK-AR-Covid-19-D\u00f6neminde-Kad\u0131n-Isg\u00fcc\u00fcn\u00fcn-G\u00f6r\u00fcn\u00fcm\u00fc-Haziran-2020-Revize.pdf\">\n\t\t\t\t\t\t\t<img decoding=\"async\" width=\"724\" height=\"1024\" src=\"https:\/\/arastirma.disk.org.tr\/wp-content\/uploads\/2020\/08\/Covid-19-kad\u0131n-i\u015fg\u00fcc\u00fc-kapak-724x1024.jpg\" class=\"attachment-large size-large wp-image-2883\" alt=\"\" srcset=\"https:\/\/arastirma.disk.org.tr\/wp-content\/uploads\/2020\/08\/Covid-19-kad\u0131n-i\u015fg\u00fcc\u00fc-kapak-724x1024.jpg 724w, https:\/\/arastirma.disk.org.tr\/wp-content\/uploads\/2020\/08\/Covid-19-kad\u0131n-i\u015fg\u00fcc\u00fc-kapak-212x300.jpg 212w, https:\/\/arastirma.disk.org.tr\/wp-content\/uploads\/2020\/08\/Covid-19-kad\u0131n-i\u015fg\u00fcc\u00fc-kapak-768x1086.jpg 768w, https:\/\/arastirma.disk.org.tr\/wp-content\/uploads\/2020\/08\/Covid-19-kad\u0131n-i\u015fg\u00fcc\u00fc-kapak-1086x1536.jpg 1086w, https:\/\/arastirma.disk.org.tr\/wp-content\/uploads\/2020\/08\/Covid-19-kad\u0131n-i\u015fg\u00fcc\u00fc-kapak-1448x2048.jpg 1448w, https:\/\/arastirma.disk.org.tr\/wp-content\/uploads\/2020\/08\/Covid-19-kad\u0131n-i\u015fg\u00fcc\u00fc-kapak-scaled.jpg 1810w\" sizes=\"(max-width: 724px) 100vw, 724px\" \/>\t\t\t\t\t\t\t\t<\/a>\n\t\t\t\t\t\t\t\t\t\t\t\t\t\t\t<\/div>\n\t\t\t\t<\/div>\n\t\t\t\t<div class=\"elementor-element elementor-element-73d97c2 elementor-widget elementor-widget-heading\" data-id=\"73d97c2\" data-element_type=\"widget\" data-widget_type=\"heading.default\">\n\t\t\t\t<div class=\"elementor-widget-container\">\n\t\t\t\t\t<h3 class=\"elementor-heading-title elementor-size-large\">COVID-19 D\u00d6NEM\u0130NDE KADIN \u0130\u015eG\u00dcC\u00dcN\u00dcN DURUMU<\/h3>\t\t\t\t<\/div>\n\t\t\t\t<\/div>\n\t\t\t\t<div class=\"elementor-element elementor-element-3ca581a elementor-widget-divider--view-line elementor-widget elementor-widget-divider\" data-id=\"3ca581a\" data-element_type=\"widget\" data-widget_type=\"divider.default\">\n\t\t\t\t<div class=\"elementor-widget-container\">\n\t\t\t\t\t\t\t<div class=\"elementor-divider\">\n\t\t\t<span class=\"elementor-divider-separator\">\n\t\t\t\t\t\t<\/span>\n\t\t<\/div>\n\t\t\t\t\t\t<\/div>\n\t\t\t\t<\/div>\n\t\t\t\t<div class=\"elementor-element elementor-element-18edf74 elementor-widget elementor-widget-text-editor\" data-id=\"18edf74\" data-element_type=\"widget\" data-widget_type=\"text-editor.default\">\n\t\t\t\t<div class=\"elementor-widget-container\">\n\t\t\t\t\t\t\t\t\t<p>Haziran 2020<\/p><p>D\u0130SK-AR haz\u0131rlananan ve Covid-19&#8217;un kad\u0131n i\u015fg\u00fcc\u00fcne etkisini ele alan rapor<\/p>\t\t\t\t\t\t\t\t<\/div>\n\t\t\t\t<\/div>\n\t\t\t\t\t<\/div>\n\t\t<\/div>\n\t\t\t\t<div class=\"elementor-column elementor-col-50 elementor-top-column elementor-element elementor-element-83b30b0\" data-id=\"83b30b0\" data-element_type=\"column\" data-settings=\"{&quot;background_background&quot;:&quot;classic&quot;}\">\n\t\t\t<div class=\"elementor-widget-wrap elementor-element-populated\">\n\t\t\t\t\t\t<div class=\"elementor-element elementor-element-47a2eea elementor-widget elementor-widget-image\" data-id=\"47a2eea\" data-element_type=\"widget\" data-widget_type=\"image.default\">\n\t\t\t\t<div class=\"elementor-widget-container\">\n\t\t\t\t\t\t\t\t\t\t\t\t\t\t\t\t<a href=\"https:\/\/wp.me\/pbeW9X-1jc\">\n\t\t\t\t\t\t\t<img loading=\"lazy\" decoding=\"async\" width=\"725\" height=\"1024\" src=\"https:\/\/arastirma.disk.org.tr\/wp-content\/uploads\/2021\/03\/8-mart-2021-kapak-725x1024.png\" class=\"attachment-large size-large wp-image-5278\" alt=\"\" srcset=\"https:\/\/arastirma.disk.org.tr\/wp-content\/uploads\/2021\/03\/8-mart-2021-kapak-725x1024.png 725w, https:\/\/arastirma.disk.org.tr\/wp-content\/uploads\/2021\/03\/8-mart-2021-kapak-212x300.png 212w, https:\/\/arastirma.disk.org.tr\/wp-content\/uploads\/2021\/03\/8-mart-2021-kapak-768x1085.png 768w, https:\/\/arastirma.disk.org.tr\/wp-content\/uploads\/2021\/03\/8-mart-2021-kapak.png 859w\" sizes=\"(max-width: 725px) 100vw, 725px\" \/>\t\t\t\t\t\t\t\t<\/a>\n\t\t\t\t\t\t\t\t\t\t\t\t\t\t\t<\/div>\n\t\t\t\t<\/div>\n\t\t\t\t<div class=\"elementor-element elementor-element-bcee70b elementor-widget elementor-widget-heading\" data-id=\"bcee70b\" data-element_type=\"widget\" data-widget_type=\"heading.default\">\n\t\t\t\t<div class=\"elementor-widget-container\">\n\t\t\t\t\t<h3 class=\"elementor-heading-title elementor-size-large\">COVID-19 D\u00d6NEM\u0130NDE KADIN \u0130\u015eG\u00dcC\u00dcN\u00dcN DURUMU<\/h3>\t\t\t\t<\/div>\n\t\t\t\t<\/div>\n\t\t\t\t<div class=\"elementor-element elementor-element-cbff1b8 elementor-widget-divider--view-line elementor-widget elementor-widget-divider\" data-id=\"cbff1b8\" data-element_type=\"widget\" data-widget_type=\"divider.default\">\n\t\t\t\t<div class=\"elementor-widget-container\">\n\t\t\t\t\t\t\t<div class=\"elementor-divider\">\n\t\t\t<span class=\"elementor-divider-separator\">\n\t\t\t\t\t\t<\/span>\n\t\t<\/div>\n\t\t\t\t\t\t<\/div>\n\t\t\t\t<\/div>\n\t\t\t\t<div class=\"elementor-element elementor-element-bec6ac9 elementor-widget elementor-widget-text-editor\" data-id=\"bec6ac9\" data-element_type=\"widget\" data-widget_type=\"text-editor.default\">\n\t\t\t\t<div class=\"elementor-widget-container\">\n\t\t\t\t\t\t\t\t\t<p>MART 2021<\/p><p>D\u0130SK-AR taraf\u0131ndan 8 Mart&#8217;a \u00f6zel haz\u0131rlanan rapor<\/p>\t\t\t\t\t\t\t\t<\/div>\n\t\t\t\t<\/div>\n\t\t\t\t\t<\/div>\n\t\t<\/div>\n\t\t\t\t\t<\/div>\n\t\t<\/section>\n\t\t\t\t<section class=\"elementor-section elementor-top-section elementor-element elementor-element-e49e224 elementor-section-boxed elementor-section-height-default elementor-section-height-default\" data-id=\"e49e224\" data-element_type=\"section\">\n\t\t\t\t\t\t<div class=\"elementor-container elementor-column-gap-default\">\n\t\t\t\t\t<div class=\"elementor-column elementor-col-50 elementor-top-column elementor-element elementor-element-78b7fed\" data-id=\"78b7fed\" data-element_type=\"column\" data-settings=\"{&quot;background_background&quot;:&quot;classic&quot;}\">\n\t\t\t<div class=\"elementor-widget-wrap elementor-element-populated\">\n\t\t\t\t\t\t<div class=\"elementor-element elementor-element-d392a75 elementor-widget elementor-widget-image\" data-id=\"d392a75\" data-element_type=\"widget\" data-widget_type=\"image.default\">\n\t\t\t\t<div class=\"elementor-widget-container\">\n\t\t\t\t\t\t\t\t\t\t\t\t\t\t\t\t<a href=\"http:\/\/arastirma.disk.org.tr\/wp-content\/uploads\/2023\/11\/toplumsal-cinsiyet-isci-sinifinin-gorunumu-2021.pdf\">\n\t\t\t\t\t\t\t<img loading=\"lazy\" decoding=\"async\" width=\"607\" height=\"857\" src=\"https:\/\/arastirma.disk.org.tr\/wp-content\/uploads\/2023\/11\/Ekran-Resmi-2023-11-23-11.54.34.png\" class=\"attachment-large size-large wp-image-10609\" alt=\"\" srcset=\"https:\/\/arastirma.disk.org.tr\/wp-content\/uploads\/2023\/11\/Ekran-Resmi-2023-11-23-11.54.34.png 607w, https:\/\/arastirma.disk.org.tr\/wp-content\/uploads\/2023\/11\/Ekran-Resmi-2023-11-23-11.54.34-212x300.png 212w\" sizes=\"(max-width: 607px) 100vw, 607px\" \/>\t\t\t\t\t\t\t\t<\/a>\n\t\t\t\t\t\t\t\t\t\t\t\t\t\t\t<\/div>\n\t\t\t\t<\/div>\n\t\t\t\t<div class=\"elementor-element elementor-element-0fc58f4 elementor-widget elementor-widget-heading\" data-id=\"0fc58f4\" data-element_type=\"widget\" data-widget_type=\"heading.default\">\n\t\t\t\t<div class=\"elementor-widget-container\">\n\t\t\t\t\t<h3 class=\"elementor-heading-title elementor-size-large\">TOPLUMSA C\u0130NS\u0130YET<\/h3>\t\t\t\t<\/div>\n\t\t\t\t<\/div>\n\t\t\t\t<div class=\"elementor-element elementor-element-c818310 elementor-widget-divider--view-line elementor-widget elementor-widget-divider\" data-id=\"c818310\" data-element_type=\"widget\" data-widget_type=\"divider.default\">\n\t\t\t\t<div class=\"elementor-widget-container\">\n\t\t\t\t\t\t\t<div class=\"elementor-divider\">\n\t\t\t<span class=\"elementor-divider-separator\">\n\t\t\t\t\t\t<\/span>\n\t\t<\/div>\n\t\t\t\t\t\t<\/div>\n\t\t\t\t<\/div>\n\t\t\t\t<div class=\"elementor-element elementor-element-4f41fff elementor-widget elementor-widget-text-editor\" data-id=\"4f41fff\" data-element_type=\"widget\" data-widget_type=\"text-editor.default\">\n\t\t\t\t<div class=\"elementor-widget-container\">\n\t\t\t\t\t\t\t\t\t<p>D\u0130SK-AR taraf\u0131ndan ger\u00e7ekle\u015ftirilen &#8220;T\u00fcrkiye \u0130\u015f\u00e7i S\u0131n\u0131f\u0131n\u0131n G\u00f6r\u00fcn\u00fcm\u00fc Ara\u015ft\u0131rmas\u0131-2021&#8243;in &#8220;Toplumsal Cinsiyet&#8221; ba\u015fl\u0131kl\u0131 b\u00f6l\u00fcm\u00fc<\/p>\t\t\t\t\t\t\t\t<\/div>\n\t\t\t\t<\/div>\n\t\t\t\t\t<\/div>\n\t\t<\/div>\n\t\t\t\t<div class=\"elementor-column elementor-col-50 elementor-top-column elementor-element elementor-element-09e1990\" data-id=\"09e1990\" data-element_type=\"column\">\n\t\t\t<div class=\"elementor-widget-wrap\">\n\t\t\t\t\t\t\t<\/div>\n\t\t<\/div>\n\t\t\t\t\t<\/div>\n\t\t<\/section>\n\t\t\t\t<section class=\"elementor-section elementor-top-section elementor-element elementor-element-f910e59 elementor-section-boxed elementor-section-height-default elementor-section-height-default\" data-id=\"f910e59\" data-element_type=\"section\">\n\t\t\t\t\t\t<div class=\"elementor-container elementor-column-gap-default\">\n\t\t\t\t\t<div class=\"elementor-column elementor-col-100 elementor-top-column elementor-element elementor-element-66ae1d5\" data-id=\"66ae1d5\" data-element_type=\"column\">\n\t\t\t<div class=\"elementor-widget-wrap elementor-element-populated\">\n\t\t\t\t\t\t<div class=\"elementor-element elementor-element-5d0e1fc elementor-widget elementor-widget-text-editor\" data-id=\"5d0e1fc\" data-element_type=\"widget\" data-widget_type=\"text-editor.default\">\n\t\t\t\t<div class=\"elementor-widget-container\">\n\t\t\t\t\t\t\t\t\t<p>Mart 2018<\/p><p>http:\/\/arastirma.disk.org.tr\/wp-content\/uploads\/2023\/11\/toplumsal-cinsiyet-isci-sinifinin-gorunumu-2021.pdfD\u0130SK-AR taraf\u0131ndan haz\u0131rlanan rapor<\/p>\t\t\t\t\t\t\t\t<\/div>\n\t\t\t\t<\/div>\n\t\t\t\t\t<\/div>\n\t\t<\/div>\n\t\t\t\t\t<\/div>\n\t\t<\/section>\n\t\t\t\t<section class=\"elementor-section elementor-top-section elementor-element elementor-element-3b3409a elementor-section-boxed elementor-section-height-default elementor-section-height-default\" data-id=\"3b3409a\" data-element_type=\"section\">\n\t\t\t\t\t\t<div class=\"elementor-container elementor-column-gap-default\">\n\t\t\t\t\t<div class=\"elementor-column elementor-col-100 elementor-top-column elementor-element elementor-element-8aeed2b\" data-id=\"8aeed2b\" data-element_type=\"column\">\n\t\t\t<div class=\"elementor-widget-wrap elementor-element-populated\">\n\t\t\t\t\t\t<div class=\"elementor-element elementor-element-e5b50e1 elementor-widget elementor-widget-text-editor\" data-id=\"e5b50e1\" data-element_type=\"widget\" data-widget_type=\"text-editor.default\">\n\t\t\t\t<div class=\"elementor-widget-container\">\n\t\t\t\t\t\t\t\t\t<p>Haziran 2020<\/p><p>D\u0130SK-AR haz\u0131rlananan ve Covid-19&#8217;un kad\u0131n i\u015fg\u00fcc\u00fcne etkisini ele alan rapor<\/p>\t\t\t\t\t\t\t\t<\/div>\n\t\t\t\t<\/div>\n\t\t\t\t\t<\/div>\n\t\t<\/div>\n\t\t\t\t\t<\/div>\n\t\t<\/section>\n\t\t\t\t<\/div>\n\t\t","protected":false},"excerpt":{"rendered":"<p>KADIN \u00c7ALI\u015eMALARI T\u00dcRK\u0130YE&#8217;DE KADIN \u0130\u015e\u00c7\u0130 GER\u00c7E\u011e\u0130 Mart 2018 D\u0130SK-AR taraf\u0131ndan haz\u0131rlanan rapor AYRIMCILIK VE TOPLUMSAL C\u0130NS\u0130YET D\u0130SK-AR taraf\u0131ndan ger\u00e7ekle\u015ftirilenT\u00fcrkiye \u0130\u015f\u00e7i S\u0131n\u0131f\u0131n\u0131n G\u00f6r\u00fcn\u00fcm\u00fc alan ara\u015ft\u0131rmas\u0131n\u0131n toplumsal&#8230;<\/p>\n","protected":false},"author":3,"featured_media":0,"parent":0,"menu_order":0,"comment_status":"closed","ping_status":"closed","template":"template-full-width-page.php","meta":{"footnotes":""},"class_list":["post-1904","page","type-page","status-publish","hentry"],"_links":{"self":[{"href":"https:\/\/arastirma.disk.org.tr\/index.php?rest_route=\/wp\/v2\/pages\/1904","targetHints":{"allow":["GET"]}}],"collection":[{"href":"https:\/\/arastirma.disk.org.tr\/index.php?rest_route=\/wp\/v2\/pages"}],"about":[{"href":"https:\/\/arastirma.disk.org.tr\/index.php?rest_route=\/wp\/v2\/types\/page"}],"author":[{"embeddable":true,"href":"https:\/\/arastirma.disk.org.tr\/index.php?rest_route=\/wp\/v2\/users\/3"}],"replies":[{"embeddable":true,"href":"https:\/\/arastirma.disk.org.tr\/index.php?rest_route=%2Fwp%2Fv2%2Fcomments&post=1904"}],"version-history":[{"count":28,"href":"https:\/\/arastirma.disk.org.tr\/index.php?rest_route=\/wp\/v2\/pages\/1904\/revisions"}],"predecessor-version":[{"id":11334,"href":"https:\/\/arastirma.disk.org.tr\/index.php?rest_route=\/wp\/v2\/pages\/1904\/revisions\/11334"}],"wp:attachment":[{"href":"https:\/\/arastirma.disk.org.tr\/index.php?rest_route=%2Fwp%2Fv2%2Fmedia&parent=1904"}],"curies":[{"name":"wp","href":"https:\/\/api.w.org\/{rel}","templated":true}]}}