{"id":2473,"date":"2020-08-10T21:28:18","date_gmt":"2020-08-10T18:28:18","guid":{"rendered":"http:\/\/arastirma.disk.org.tr\/?page_id=2473"},"modified":"2020-08-29T09:44:44","modified_gmt":"2020-08-29T06:44:44","slug":"arastirma-merkezleri","status":"publish","type":"page","link":"https:\/\/arastirma.disk.org.tr\/?page_id=2473","title":{"rendered":"Ara\u015ft\u0131rma Merkezleri"},"content":{"rendered":"\t\t<div data-elementor-type=\"wp-page\" data-elementor-id=\"2473\" class=\"elementor elementor-2473\">\n\t\t\t\t\t\t<section class=\"elementor-section elementor-top-section elementor-element elementor-element-30233233 elementor-section-boxed elementor-section-height-default elementor-section-height-default\" data-id=\"30233233\" data-element_type=\"section\">\n\t\t\t\t\t\t<div class=\"elementor-container elementor-column-gap-default\">\n\t\t\t\t\t<div class=\"elementor-column elementor-col-100 elementor-top-column elementor-element elementor-element-490ff932\" data-id=\"490ff932\" data-element_type=\"column\">\n\t\t\t<div class=\"elementor-widget-wrap elementor-element-populated\">\n\t\t\t\t\t\t<div class=\"elementor-element elementor-element-a275f96 elementor-widget elementor-widget-heading\" data-id=\"a275f96\" data-element_type=\"widget\" data-widget_type=\"heading.default\">\n\t\t\t\t<div class=\"elementor-widget-container\">\n\t\t\t\t\t<h2 class=\"elementor-heading-title elementor-size-default\">Emek ve Sendikal Ara\u015ft\u0131rma Kaynaklar\u0131<\/h2>\t\t\t\t<\/div>\n\t\t\t\t<\/div>\n\t\t\t\t\t<\/div>\n\t\t<\/div>\n\t\t\t\t\t<\/div>\n\t\t<\/section>\n\t\t\t\t<section class=\"elementor-section elementor-top-section elementor-element elementor-element-725e19a8 elementor-section-boxed elementor-section-height-default elementor-section-height-default\" data-id=\"725e19a8\" data-element_type=\"section\">\n\t\t\t\t\t\t<div class=\"elementor-container elementor-column-gap-default\">\n\t\t\t\t\t<div class=\"elementor-column elementor-col-50 elementor-top-column elementor-element elementor-element-5a4e71b6\" data-id=\"5a4e71b6\" data-element_type=\"column\" data-settings=\"{&quot;background_background&quot;:&quot;classic&quot;}\">\n\t\t\t<div class=\"elementor-widget-wrap elementor-element-populated\">\n\t\t\t\t\t\t<div class=\"elementor-element elementor-element-550d4b63 elementor-align-center elementor-widget elementor-widget-button\" data-id=\"550d4b63\" data-element_type=\"widget\" data-widget_type=\"button.default\">\n\t\t\t\t<div class=\"elementor-widget-container\">\n\t\t\t\t\t\t\t\t\t<div class=\"elementor-button-wrapper\">\n\t\t\t\t\t<a class=\"elementor-button elementor-button-link elementor-size-xl\" href=\"http:\/\/www.birlesikmetalis.org\/index.php\/tr\/guncel\/bisam\">\n\t\t\t\t\t\t<span class=\"elementor-button-content-wrapper\">\n\t\t\t\t\t\t<span class=\"elementor-button-icon\">\n\t\t\t\t<i aria-hidden=\"true\" class=\"fas fa-cogs\"><\/i>\t\t\t<\/span>\n\t\t\t\t\t\t\t\t\t<span class=\"elementor-button-text\">B\u0130SAM Birle\u015fik Metal-\u0130\u015f S\u0131n\u0131f Ara\u015ft\u0131rmalar\u0131 Merkezi<\/span>\n\t\t\t\t\t<\/span>\n\t\t\t\t\t<\/a>\n\t\t\t\t<\/div>\n\t\t\t\t\t\t\t\t<\/div>\n\t\t\t\t<\/div>\n\t\t\t\t<div class=\"elementor-element elementor-element-24512043 elementor-align-center elementor-widget elementor-widget-button\" data-id=\"24512043\" data-element_type=\"widget\" data-widget_type=\"button.default\">\n\t\t\t\t<div class=\"elementor-widget-container\">\n\t\t\t\t\t\t\t\t\t<div class=\"elementor-button-wrapper\">\n\t\t\t\t\t<a class=\"elementor-button elementor-button-link elementor-size-lg\" href=\"https:\/\/www.etui.org\">\n\t\t\t\t\t\t<span class=\"elementor-button-content-wrapper\">\n\t\t\t\t\t\t<span class=\"elementor-button-icon\">\n\t\t\t\t<i aria-hidden=\"true\" class=\"fas fa-globe-africa\"><\/i>\t\t\t<\/span>\n\t\t\t\t\t\t\t\t\t<span class=\"elementor-button-text\">ETUI<\/span>\n\t\t\t\t\t<\/span>\n\t\t\t\t\t<\/a>\n\t\t\t\t<\/div>\n\t\t\t\t\t\t\t\t<\/div>\n\t\t\t\t<\/div>\n\t\t\t\t<div class=\"elementor-element elementor-element-70cc431b elementor-align-center elementor-widget elementor-widget-button\" data-id=\"70cc431b\" data-element_type=\"widget\" data-widget_type=\"button.default\">\n\t\t\t\t<div class=\"elementor-widget-container\">\n\t\t\t\t\t\t\t\t\t<div class=\"elementor-button-wrapper\">\n\t\t\t\t\t<a class=\"elementor-button elementor-button-link elementor-size-lg\" href=\"https:\/\/emekcalisma.org\">\n\t\t\t\t\t\t<span class=\"elementor-button-content-wrapper\">\n\t\t\t\t\t\t<span class=\"elementor-button-icon\">\n\t\t\t\t<i aria-hidden=\"true\" class=\"far fa-chart-bar\"><\/i>\t\t\t<\/span>\n\t\t\t\t\t\t\t\t\t<span class=\"elementor-button-text\">Emek \u00c7al\u0131\u015fmalar\u0131 Toplulu\u011fu<\/span>\n\t\t\t\t\t<\/span>\n\t\t\t\t\t<\/a>\n\t\t\t\t<\/div>\n\t\t\t\t\t\t\t\t<\/div>\n\t\t\t\t<\/div>\n\t\t\t\t\t<\/div>\n\t\t<\/div>\n\t\t\t\t<div class=\"elementor-column elementor-col-50 elementor-top-column elementor-element elementor-element-2ee6e43f\" data-id=\"2ee6e43f\" data-element_type=\"column\" data-settings=\"{&quot;background_background&quot;:&quot;classic&quot;}\">\n\t\t\t<div class=\"elementor-widget-wrap elementor-element-populated\">\n\t\t\t\t\t\t<div class=\"elementor-element elementor-element-29a76906 elementor-align-center elementor-widget elementor-widget-button\" data-id=\"29a76906\" data-element_type=\"widget\" data-widget_type=\"button.default\">\n\t\t\t\t<div class=\"elementor-widget-container\">\n\t\t\t\t\t\t\t\t\t<div class=\"elementor-button-wrapper\">\n\t\t\t\t\t<a class=\"elementor-button elementor-button-link elementor-size-lg\" href=\"https:\/\/www.genel-is.org.tr\/emek-arastirmalari,2,13820#.XzGS_S2xvUI\">\n\t\t\t\t\t\t<span class=\"elementor-button-content-wrapper\">\n\t\t\t\t\t\t<span class=\"elementor-button-icon\">\n\t\t\t\t<i aria-hidden=\"true\" class=\"fas fa-cog\"><\/i>\t\t\t<\/span>\n\t\t\t\t\t\t\t\t\t<span class=\"elementor-button-text\">Genel-\u0130\u015f Ara\u015ft\u0131rma<\/span>\n\t\t\t\t\t<\/span>\n\t\t\t\t\t<\/a>\n\t\t\t\t<\/div>\n\t\t\t\t\t\t\t\t<\/div>\n\t\t\t\t<\/div>\n\t\t\t\t<div class=\"elementor-element elementor-element-474981c7 elementor-align-center elementor-widget elementor-widget-button\" data-id=\"474981c7\" data-element_type=\"widget\" data-widget_type=\"button.default\">\n\t\t\t\t<div class=\"elementor-widget-container\">\n\t\t\t\t\t\t\t\t\t<div class=\"elementor-button-wrapper\">\n\t\t\t\t\t<a class=\"elementor-button elementor-button-link elementor-size-lg\" href=\"http:\/\/isigmeclisi.org\/\">\n\t\t\t\t\t\t<span class=\"elementor-button-content-wrapper\">\n\t\t\t\t\t\t<span class=\"elementor-button-icon\">\n\t\t\t\t<i aria-hidden=\"true\" class=\"fas fa-stethoscope\"><\/i>\t\t\t<\/span>\n\t\t\t\t\t\t\t\t\t<span class=\"elementor-button-text\">\u0130S\u0130G Meclisi<\/span>\n\t\t\t\t\t<\/span>\n\t\t\t\t\t<\/a>\n\t\t\t\t<\/div>\n\t\t\t\t\t\t\t\t<\/div>\n\t\t\t\t<\/div>\n\t\t\t\t<div class=\"elementor-element elementor-element-1ab78b49 elementor-align-center elementor-widget elementor-widget-button\" data-id=\"1ab78b49\" data-element_type=\"widget\" data-widget_type=\"button.default\">\n\t\t\t\t<div class=\"elementor-widget-container\">\n\t\t\t\t\t\t\t\t\t<div class=\"elementor-button-wrapper\">\n\t\t\t\t\t<a class=\"elementor-button elementor-button-link elementor-size-lg\" href=\"http:\/\/yeniemek.org\">\n\t\t\t\t\t\t<span class=\"elementor-button-content-wrapper\">\n\t\t\t\t\t\t<span class=\"elementor-button-icon\">\n\t\t\t\t<i aria-hidden=\"true\" class=\"fas fa-anchor\"><\/i>\t\t\t<\/span>\n\t\t\t\t\t\t\t\t\t<span class=\"elementor-button-text\">Yeni Emek \u00c7al\u0131\u015fmalar\u0131 Ofisi<\/span>\n\t\t\t\t\t<\/span>\n\t\t\t\t\t<\/a>\n\t\t\t\t<\/div>\n\t\t\t\t\t\t\t\t<\/div>\n\t\t\t\t<\/div>\n\t\t\t\t\t<\/div>\n\t\t<\/div>\n\t\t\t\t\t<\/div>\n\t\t<\/section>\n\t\t\t\t<section class=\"elementor-section elementor-top-section elementor-element elementor-element-77e78d41 elementor-section-boxed elementor-section-height-default elementor-section-height-default\" data-id=\"77e78d41\" data-element_type=\"section\">\n\t\t\t\t\t\t<div class=\"elementor-container elementor-column-gap-default\">\n\t\t\t\t\t<div class=\"elementor-column elementor-col-100 elementor-top-column elementor-element elementor-element-439a7e3\" data-id=\"439a7e3\" data-element_type=\"column\">\n\t\t\t<div class=\"elementor-widget-wrap elementor-element-populated\">\n\t\t\t\t\t\t<div class=\"elementor-element elementor-element-2941becb elementor-widget-divider--view-line elementor-widget elementor-widget-divider\" data-id=\"2941becb\" data-element_type=\"widget\" data-widget_type=\"divider.default\">\n\t\t\t\t<div class=\"elementor-widget-container\">\n\t\t\t\t\t\t\t<div class=\"elementor-divider\">\n\t\t\t<span class=\"elementor-divider-separator\">\n\t\t\t\t\t\t<\/span>\n\t\t<\/div>\n\t\t\t\t\t\t<\/div>\n\t\t\t\t<\/div>\n\t\t\t\t\t<\/div>\n\t\t<\/div>\n\t\t\t\t\t<\/div>\n\t\t<\/section>\n\t\t\t\t<section class=\"elementor-section elementor-top-section elementor-element elementor-element-4333f680 elementor-section-boxed elementor-section-height-default elementor-section-height-default\" data-id=\"4333f680\" data-element_type=\"section\">\n\t\t\t\t\t\t<div class=\"elementor-container elementor-column-gap-default\">\n\t\t\t\t\t<div class=\"elementor-column elementor-col-100 elementor-top-column elementor-element elementor-element-60d9c7c0\" data-id=\"60d9c7c0\" data-element_type=\"column\">\n\t\t\t<div class=\"elementor-widget-wrap elementor-element-populated\">\n\t\t\t\t\t\t<div class=\"elementor-element elementor-element-16b523bf elementor-widget elementor-widget-wp-widget-tag_cloud\" data-id=\"16b523bf\" data-element_type=\"widget\" data-widget_type=\"wp-widget-tag_cloud.default\">\n\t\t\t\t<div class=\"elementor-widget-container\">\n\t\t\t\t\t<h5>Konular<\/h5><div class=\"tagcloud\"><a href=\"https:\/\/arastirma.disk.org.tr\/?tag=2021-asgari-ucret\" class=\"tag-cloud-link tag-link-226 tag-link-position-1\" style=\"font-size: 10.535433070866pt;\" aria-label=\"2021 Asgari \u00dccret (11 \u00f6ge)\">2021 Asgari \u00dccret<\/a>\n<a href=\"https:\/\/arastirma.disk.org.tr\/?tag=asgari-ucret\" class=\"tag-cloud-link tag-link-30 tag-link-position-2\" style=\"font-size: 15.606299212598pt;\" aria-label=\"Asgari \u00dccret (34 \u00f6ge)\">Asgari \u00dccret<\/a>\n<a href=\"https:\/\/arastirma.disk.org.tr\/?tag=aclik-siniri\" class=\"tag-cloud-link tag-link-101 tag-link-position-3\" style=\"font-size: 10.094488188976pt;\" aria-label=\"A\u00e7l\u0131k s\u0131n\u0131r\u0131 (10 \u00f6ge)\">A\u00e7l\u0131k s\u0131n\u0131r\u0131<\/a>\n<a href=\"https:\/\/arastirma.disk.org.tr\/?tag=aclik-ve-yoksulluk\" class=\"tag-cloud-link tag-link-235 tag-link-position-4\" style=\"font-size: 11.307086614173pt;\" aria-label=\"A\u00e7l\u0131k ve Yoksulluk (13 \u00f6ge)\">A\u00e7l\u0131k ve Yoksulluk<\/a>\n<a href=\"https:\/\/arastirma.disk.org.tr\/?tag=aclik-ve-yoksulluk-siniri\" class=\"tag-cloud-link tag-link-103 tag-link-position-5\" style=\"font-size: 15.496062992126pt;\" aria-label=\"A\u00e7l\u0131k ve yoksulluk s\u0131n\u0131r\u0131 (33 \u00f6ge)\">A\u00e7l\u0131k ve yoksulluk s\u0131n\u0131r\u0131<\/a>\n<a href=\"https:\/\/arastirma.disk.org.tr\/?tag=basinda-disk-ar\" class=\"tag-cloud-link tag-link-32 tag-link-position-6\" style=\"font-size: 19.685039370079pt;\" aria-label=\"Bas\u0131nda D\u0130SK-AR (81 \u00f6ge)\">Bas\u0131nda D\u0130SK-AR<\/a>\n<a href=\"https:\/\/arastirma.disk.org.tr\/?tag=baskanlik-rejimi\" class=\"tag-cloud-link tag-link-72 tag-link-position-7\" style=\"font-size: 8.5511811023622pt;\" aria-label=\"Ba\u015fkanl\u0131k Rejimi (7 \u00f6ge)\">Ba\u015fkanl\u0131k Rejimi<\/a>\n<a href=\"https:\/\/arastirma.disk.org.tr\/?tag=bisam\" class=\"tag-cloud-link tag-link-185 tag-link-position-8\" style=\"font-size: 17.149606299213pt;\" aria-label=\"B\u0130SAM (47 \u00f6ge)\">B\u0130SAM<\/a>\n<a href=\"https:\/\/arastirma.disk.org.tr\/?tag=covid-19\" class=\"tag-cloud-link tag-link-27 tag-link-position-9\" style=\"font-size: 15.937007874016pt;\" aria-label=\"Covid-19 (36 \u00f6ge)\">Covid-19<\/a>\n<a href=\"https:\/\/arastirma.disk.org.tr\/?tag=disk-ar-forum\" class=\"tag-cloud-link tag-link-271 tag-link-position-10\" style=\"font-size: 10.866141732283pt;\" aria-label=\"D\u0130SK-AR Forum (12 \u00f6ge)\">D\u0130SK-AR Forum<\/a>\n<a href=\"https:\/\/arastirma.disk.org.tr\/?tag=disk-tarihi\" class=\"tag-cloud-link tag-link-174 tag-link-position-11\" style=\"font-size: 10.535433070866pt;\" aria-label=\"D\u0130SK Tarihi (11 \u00f6ge)\">D\u0130SK Tarihi<\/a>\n<a href=\"https:\/\/arastirma.disk.org.tr\/?tag=ekonomik-kriz\" class=\"tag-cloud-link tag-link-50 tag-link-position-12\" style=\"font-size: 11.858267716535pt;\" aria-label=\"Ekonomik Kriz (15 \u00f6ge)\">Ekonomik Kriz<\/a>\n<a href=\"https:\/\/arastirma.disk.org.tr\/?tag=emek-arastirma\" class=\"tag-cloud-link tag-link-346 tag-link-position-13\" style=\"font-size: 10.535433070866pt;\" aria-label=\"emek ara\u015ft\u0131rma (11 \u00f6ge)\">emek ara\u015ft\u0131rma<\/a>\n<a href=\"https:\/\/arastirma.disk.org.tr\/?tag=enflasyon\" class=\"tag-cloud-link tag-link-104 tag-link-position-14\" style=\"font-size: 18.362204724409pt;\" aria-label=\"Enflasyon (60 \u00f6ge)\">Enflasyon<\/a>\n<a href=\"https:\/\/arastirma.disk.org.tr\/?tag=genel-is-arastirma\" class=\"tag-cloud-link tag-link-187 tag-link-position-15\" style=\"font-size: 8pt;\" aria-label=\"Genel-\u0130\u015f Ara\u015ft\u0131rma (6 \u00f6ge)\">Genel-\u0130\u015f Ara\u015ft\u0131rma<\/a>\n<a href=\"https:\/\/arastirma.disk.org.tr\/?tag=genis-tanimli-issiz\" class=\"tag-cloud-link tag-link-151 tag-link-position-16\" style=\"font-size: 11.307086614173pt;\" aria-label=\"Geni\u015f Tan\u0131ml\u0131 \u0130\u015fsiz (13 \u00f6ge)\">Geni\u015f Tan\u0131ml\u0131 \u0130\u015fsiz<\/a>\n<a href=\"https:\/\/arastirma.disk.org.tr\/?tag=genis-tanimli-issizlik\" class=\"tag-cloud-link tag-link-49 tag-link-position-17\" style=\"font-size: 15.055118110236pt;\" aria-label=\"Geni\u015f Tan\u0131ml\u0131 \u0130\u015fsizlik (30 \u00f6ge)\">Geni\u015f Tan\u0131ml\u0131 \u0130\u015fsizlik<\/a>\n<a href=\"https:\/\/arastirma.disk.org.tr\/?tag=genis-tanimli-issiz-sayisi\" class=\"tag-cloud-link tag-link-135 tag-link-position-18\" style=\"font-size: 9.6535433070866pt;\" aria-label=\"Geni\u015f Tan\u0131ml\u0131 \u0130\u015fsiz Say\u0131s\u0131 (9 \u00f6ge)\">Geni\u015f Tan\u0131ml\u0131 \u0130\u015fsiz Say\u0131s\u0131<\/a>\n<a href=\"https:\/\/arastirma.disk.org.tr\/?tag=genc\" class=\"tag-cloud-link tag-link-52 tag-link-position-19\" style=\"font-size: 9.6535433070866pt;\" aria-label=\"Gen\u00e7 (9 \u00f6ge)\">Gen\u00e7<\/a>\n<a href=\"https:\/\/arastirma.disk.org.tr\/?tag=genc-issizligi\" class=\"tag-cloud-link tag-link-258 tag-link-position-20\" style=\"font-size: 11.307086614173pt;\" aria-label=\"gen\u00e7 i\u015fsizli\u011fi (13 \u00f6ge)\">gen\u00e7 i\u015fsizli\u011fi<\/a>\n<a href=\"https:\/\/arastirma.disk.org.tr\/?tag=genc-kadin-issizligi\" class=\"tag-cloud-link tag-link-136 tag-link-position-21\" style=\"font-size: 9.6535433070866pt;\" aria-label=\"Gen\u00e7 Kad\u0131n \u0130\u015fsizli\u011fi (9 \u00f6ge)\">Gen\u00e7 Kad\u0131n \u0130\u015fsizli\u011fi<\/a>\n<a href=\"https:\/\/arastirma.disk.org.tr\/?tag=gsyh\" class=\"tag-cloud-link tag-link-299 tag-link-position-22\" style=\"font-size: 8.5511811023622pt;\" aria-label=\"GSYH (7 \u00f6ge)\">GSYH<\/a>\n<a href=\"https:\/\/arastirma.disk.org.tr\/?tag=gida-enflasyonu\" class=\"tag-cloud-link tag-link-245 tag-link-position-23\" style=\"font-size: 13.40157480315pt;\" aria-label=\"G\u0131da Enflasyonu (21 \u00f6ge)\">G\u0131da Enflasyonu<\/a>\n<a href=\"https:\/\/arastirma.disk.org.tr\/?tag=ilo\" class=\"tag-cloud-link tag-link-61 tag-link-position-24\" style=\"font-size: 8pt;\" aria-label=\"ILO (6 \u00f6ge)\">ILO<\/a>\n<a href=\"https:\/\/arastirma.disk.org.tr\/?tag=issizlik-raporlari\" class=\"tag-cloud-link tag-link-364 tag-link-position-25\" style=\"font-size: 13.181102362205pt;\" aria-label=\"i\u015fsizlik raporlar\u0131 (20 \u00f6ge)\">i\u015fsizlik raporlar\u0131<\/a>\n<a href=\"https:\/\/arastirma.disk.org.tr\/?tag=kadin\" class=\"tag-cloud-link tag-link-51 tag-link-position-26\" style=\"font-size: 10.094488188976pt;\" aria-label=\"Kad\u0131n (10 \u00f6ge)\">Kad\u0131n<\/a>\n<a href=\"https:\/\/arastirma.disk.org.tr\/?tag=kadin-issizligi\" class=\"tag-cloud-link tag-link-120 tag-link-position-27\" style=\"font-size: 11.637795275591pt;\" aria-label=\"Kad\u0131n \u0130\u015fsizli\u011fi (14 \u00f6ge)\">Kad\u0131n \u0130\u015fsizli\u011fi<\/a>\n<a href=\"https:\/\/arastirma.disk.org.tr\/?tag=kati\" class=\"tag-cloud-link tag-link-328 tag-link-position-28\" style=\"font-size: 9.1023622047244pt;\" aria-label=\"kati (8 \u00f6ge)\">kati<\/a>\n<a href=\"https:\/\/arastirma.disk.org.tr\/?tag=mesut-gulmez\" class=\"tag-cloud-link tag-link-98 tag-link-position-29\" style=\"font-size: 11.858267716535pt;\" aria-label=\"Mesut G\u00fclmez (15 \u00f6ge)\">Mesut G\u00fclmez<\/a>\n<a href=\"https:\/\/arastirma.disk.org.tr\/?tag=salgin-gunlerinde-asgari-ucret-gercegi-arastirmasi\" class=\"tag-cloud-link tag-link-227 tag-link-position-30\" style=\"font-size: 9.1023622047244pt;\" aria-label=\"Salg\u0131n G\u00fcnlerinde Asgari \u00dccret Ger\u00e7e\u011fi Ara\u015ft\u0131rmas\u0131 (8 \u00f6ge)\">Salg\u0131n G\u00fcnlerinde Asgari \u00dccret Ger\u00e7e\u011fi Ara\u015ft\u0131rmas\u0131<\/a>\n<a href=\"https:\/\/arastirma.disk.org.tr\/?tag=sendikalasma\" class=\"tag-cloud-link tag-link-13 tag-link-position-31\" style=\"font-size: 8.5511811023622pt;\" aria-label=\"Sendikala\u015fma (7 \u00f6ge)\">Sendikala\u015fma<\/a>\n<a href=\"https:\/\/arastirma.disk.org.tr\/?tag=sgk\" class=\"tag-cloud-link tag-link-79 tag-link-position-32\" style=\"font-size: 10.094488188976pt;\" aria-label=\"SGK (10 \u00f6ge)\">SGK<\/a>\n<a href=\"https:\/\/arastirma.disk.org.tr\/?tag=toplu-is-sozlesmesi\" class=\"tag-cloud-link tag-link-53 tag-link-position-33\" style=\"font-size: 8pt;\" aria-label=\"Toplu i\u015f s\u00f6zle\u015fmesi (6 \u00f6ge)\">Toplu i\u015f s\u00f6zle\u015fmesi<\/a>\n<a href=\"https:\/\/arastirma.disk.org.tr\/?tag=tuik\" class=\"tag-cloud-link tag-link-39 tag-link-position-34\" style=\"font-size: 22pt;\" aria-label=\"T\u00dc\u0130K (131 \u00f6ge)\">T\u00dc\u0130K<\/a>\n<a href=\"https:\/\/arastirma.disk.org.tr\/?tag=tuik-hia\" class=\"tag-cloud-link tag-link-287 tag-link-position-35\" style=\"font-size: 10.866141732283pt;\" aria-label=\"T\u00dc\u0130K H\u0130A (12 \u00f6ge)\">T\u00dc\u0130K H\u0130A<\/a>\n<a href=\"https:\/\/arastirma.disk.org.tr\/?tag=vergi\" class=\"tag-cloud-link tag-link-80 tag-link-position-36\" style=\"font-size: 9.6535433070866pt;\" aria-label=\"Vergi (9 \u00f6ge)\">Vergi<\/a>\n<a href=\"https:\/\/arastirma.disk.org.tr\/?tag=yargi-karari\" class=\"tag-cloud-link tag-link-429 tag-link-position-37\" style=\"font-size: 9.6535433070866pt;\" aria-label=\"yarg\u0131 karar\u0131 (9 \u00f6ge)\">yarg\u0131 karar\u0131<\/a>\n<a href=\"https:\/\/arastirma.disk.org.tr\/?tag=yoksulluk-siniri\" class=\"tag-cloud-link tag-link-102 tag-link-position-38\" style=\"font-size: 10.094488188976pt;\" aria-label=\"Yoksulluk s\u0131n\u0131r\u0131 (10 \u00f6ge)\">Yoksulluk s\u0131n\u0131r\u0131<\/a>\n<a href=\"https:\/\/arastirma.disk.org.tr\/?tag=calisma-ve-toplum\" class=\"tag-cloud-link tag-link-267 tag-link-position-39\" style=\"font-size: 9.1023622047244pt;\" aria-label=\"\u00c7al\u0131\u015fma ve Toplum (8 \u00f6ge)\">\u00c7al\u0131\u015fma ve Toplum<\/a>\n<a href=\"https:\/\/arastirma.disk.org.tr\/?tag=ucret-kayiplari-izleme-raporu\" class=\"tag-cloud-link tag-link-547 tag-link-position-40\" style=\"font-size: 9.1023622047244pt;\" aria-label=\"\u00dccret Kay\u0131plar\u0131 \u0130zleme Raporu (8 \u00f6ge)\">\u00dccret Kay\u0131plar\u0131 \u0130zleme Raporu<\/a>\n<a href=\"https:\/\/arastirma.disk.org.tr\/?tag=isf\" class=\"tag-cloud-link tag-link-33 tag-link-position-41\" style=\"font-size: 8pt;\" aria-label=\"\u0130SF (6 \u00f6ge)\">\u0130SF<\/a>\n<a href=\"https:\/\/arastirma.disk.org.tr\/?tag=istihdam\" class=\"tag-cloud-link tag-link-38 tag-link-position-42\" style=\"font-size: 16.929133858268pt;\" aria-label=\"\u0130stihdam (45 \u00f6ge)\">\u0130stihdam<\/a>\n<a href=\"https:\/\/arastirma.disk.org.tr\/?tag=iskur\" class=\"tag-cloud-link tag-link-108 tag-link-position-43\" style=\"font-size: 12.51968503937pt;\" aria-label=\"\u0130\u015eKUR (17 \u00f6ge)\">\u0130\u015eKUR<\/a>\n<a href=\"https:\/\/arastirma.disk.org.tr\/?tag=issizlik\" class=\"tag-cloud-link tag-link-10 tag-link-position-44\" style=\"font-size: 19.905511811024pt;\" aria-label=\"\u0130\u015fsizlik (85 \u00f6ge)\">\u0130\u015fsizlik<\/a>\n<a href=\"https:\/\/arastirma.disk.org.tr\/?tag=issizlik-ve-istihdamin-gorunumu\" class=\"tag-cloud-link tag-link-230 tag-link-position-45\" style=\"font-size: 14.173228346457pt;\" aria-label=\"\u0130\u015fsizlik ve istihdam\u0131n g\u00f6r\u00fcn\u00fcm\u00fc (25 \u00f6ge)\">\u0130\u015fsizlik ve istihdam\u0131n g\u00f6r\u00fcn\u00fcm\u00fc<\/a><\/div>\n\t\t\t\t<\/div>\n\t\t\t\t<\/div>\n\t\t\t\t\t<\/div>\n\t\t<\/div>\n\t\t\t\t\t<\/div>\n\t\t<\/section>\n\t\t\t\t<\/div>\n\t\t","protected":false},"excerpt":{"rendered":"<p>Emek ve Sendikal Ara\u015ft\u0131rma Kaynaklar\u0131 B\u0130SAM Birle\u015fik Metal-\u0130\u015f S\u0131n\u0131f Ara\u015ft\u0131rmalar\u0131 Merkezi ETUI Emek \u00c7al\u0131\u015fmalar\u0131 Toplulu\u011fu Genel-\u0130\u015f Ara\u015ft\u0131rma \u0130S\u0130G Meclisi Yeni Emek \u00c7al\u0131\u015fmalar\u0131 Ofisi<\/p>\n","protected":false},"author":3,"featured_media":0,"parent":0,"menu_order":0,"comment_status":"closed","ping_status":"closed","template":"template-full-width-page.php","meta":{"footnotes":""},"class_list":["post-2473","page","type-page","status-publish","hentry"],"_links":{"self":[{"href":"https:\/\/arastirma.disk.org.tr\/index.php?rest_route=\/wp\/v2\/pages\/2473","targetHints":{"allow":["GET"]}}],"collection":[{"href":"https:\/\/arastirma.disk.org.tr\/index.php?rest_route=\/wp\/v2\/pages"}],"about":[{"href":"https:\/\/arastirma.disk.org.tr\/index.php?rest_route=\/wp\/v2\/types\/page"}],"author":[{"embeddable":true,"href":"https:\/\/arastirma.disk.org.tr\/index.php?rest_route=\/wp\/v2\/users\/3"}],"replies":[{"embeddable":true,"href":"https:\/\/arastirma.disk.org.tr\/index.php?rest_route=%2Fwp%2Fv2%2Fcomments&post=2473"}],"version-history":[{"count":3,"href":"https:\/\/arastirma.disk.org.tr\/index.php?rest_route=\/wp\/v2\/pages\/2473\/revisions"}],"predecessor-version":[{"id":3838,"href":"https:\/\/arastirma.disk.org.tr\/index.php?rest_route=\/wp\/v2\/pages\/2473\/revisions\/3838"}],"wp:attachment":[{"href":"https:\/\/arastirma.disk.org.tr\/index.php?rest_route=%2Fwp%2Fv2%2Fmedia&parent=2473"}],"curies":[{"name":"wp","href":"https:\/\/api.w.org\/{rel}","templated":true}]}}