{"id":2475,"date":"2020-08-10T21:28:57","date_gmt":"2020-08-10T18:28:57","guid":{"rendered":"http:\/\/arastirma.disk.org.tr\/?page_id=2475"},"modified":"2025-06-08T18:04:21","modified_gmt":"2025-06-08T15:04:21","slug":"arsivler","status":"publish","type":"page","link":"https:\/\/arastirma.disk.org.tr\/?page_id=2475","title":{"rendered":"Ar\u015fivler"},"content":{"rendered":"\t\t<div data-elementor-type=\"wp-page\" data-elementor-id=\"2475\" class=\"elementor elementor-2475\">\n\t\t\t\t\t\t<section class=\"elementor-section elementor-top-section elementor-element elementor-element-58ff303 elementor-section-boxed elementor-section-height-default elementor-section-height-default\" data-id=\"58ff303\" data-element_type=\"section\">\n\t\t\t\t\t\t<div class=\"elementor-container elementor-column-gap-default\">\n\t\t\t\t\t<div class=\"elementor-column elementor-col-100 elementor-top-column elementor-element elementor-element-bebbdeb\" data-id=\"bebbdeb\" data-element_type=\"column\">\n\t\t\t<div class=\"elementor-widget-wrap elementor-element-populated\">\n\t\t\t\t\t\t<div class=\"elementor-element elementor-element-939bd87 elementor-widget elementor-widget-heading\" data-id=\"939bd87\" data-element_type=\"widget\" data-widget_type=\"heading.default\">\n\t\t\t\t<div class=\"elementor-widget-container\">\n\t\t\t\t\t<h1 class=\"elementor-heading-title elementor-size-default\">D\u0130SK Yay\u0131nlar\u0131 Ar\u015fivi<\/h1>\t\t\t\t<\/div>\n\t\t\t\t<\/div>\n\t\t\t\t\t<\/div>\n\t\t<\/div>\n\t\t\t\t\t<\/div>\n\t\t<\/section>\n\t\t\t\t<section class=\"elementor-section elementor-top-section elementor-element elementor-element-df7b8e2 elementor-section-boxed elementor-section-height-default elementor-section-height-default\" data-id=\"df7b8e2\" data-element_type=\"section\">\n\t\t\t\t\t\t<div class=\"elementor-container elementor-column-gap-default\">\n\t\t\t\t\t<div class=\"elementor-column elementor-col-25 elementor-top-column elementor-element elementor-element-bb1d181\" data-id=\"bb1d181\" data-element_type=\"column\" data-settings=\"{&quot;background_background&quot;:&quot;classic&quot;}\">\n\t\t\t<div class=\"elementor-widget-wrap elementor-element-populated\">\n\t\t\t\t\t\t<div class=\"elementor-element elementor-element-3c729d8 elementor-position-top elementor-widget elementor-widget-image-box\" data-id=\"3c729d8\" data-element_type=\"widget\" data-widget_type=\"image-box.default\">\n\t\t\t\t<div class=\"elementor-widget-container\">\n\t\t\t\t\t<div class=\"elementor-image-box-wrapper\"><figure class=\"elementor-image-box-img\"><a href=\"http:\/\/arastirma.disk.org.tr\/?page_id=6099\" tabindex=\"-1\"><img fetchpriority=\"high\" decoding=\"async\" width=\"300\" height=\"300\" src=\"https:\/\/arastirma.disk.org.tr\/wp-content\/uploads\/2021\/05\/disk-yayin-1-300x300.jpg\" class=\"attachment-medium size-medium wp-image-6802\" alt=\"\" srcset=\"https:\/\/arastirma.disk.org.tr\/wp-content\/uploads\/2021\/05\/disk-yayin-1-300x300.jpg 300w, https:\/\/arastirma.disk.org.tr\/wp-content\/uploads\/2021\/05\/disk-yayin-1-768x768.jpg 768w, https:\/\/arastirma.disk.org.tr\/wp-content\/uploads\/2021\/05\/disk-yayin-1-230x230.jpg 230w, https:\/\/arastirma.disk.org.tr\/wp-content\/uploads\/2021\/05\/disk-yayin-1-100x100.jpg 100w, https:\/\/arastirma.disk.org.tr\/wp-content\/uploads\/2021\/05\/disk-yayin-1.jpg 1024w\" sizes=\"(max-width: 300px) 100vw, 300px\" \/><\/a><\/figure><div class=\"elementor-image-box-content\"><h4 class=\"elementor-image-box-title\"><a href=\"http:\/\/arastirma.disk.org.tr\/?page_id=6099\">D\u0130SK Yay\u0131n Ar\u015fivi<\/a><\/h4><p class=\"elementor-image-box-description\">D\u0130SK taraf\u0131ndan yay\u0131mlanan kitap, bro\u015f\u00fcr ve raporlar<\/p><\/div><\/div>\t\t\t\t<\/div>\n\t\t\t\t<\/div>\n\t\t\t\t\t<\/div>\n\t\t<\/div>\n\t\t\t\t<div class=\"elementor-column elementor-col-25 elementor-top-column elementor-element elementor-element-336d2de\" data-id=\"336d2de\" data-element_type=\"column\" data-settings=\"{&quot;background_background&quot;:&quot;classic&quot;}\">\n\t\t\t<div class=\"elementor-widget-wrap elementor-element-populated\">\n\t\t\t\t\t\t<div class=\"elementor-element elementor-element-ce14ff3 elementor-position-top elementor-widget elementor-widget-image-box\" data-id=\"ce14ff3\" data-element_type=\"widget\" data-widget_type=\"image-box.default\">\n\t\t\t\t<div class=\"elementor-widget-container\">\n\t\t\t\t\t<div class=\"elementor-image-box-wrapper\"><figure class=\"elementor-image-box-img\"><a href=\"http:\/\/arastirma.disk.org.tr\/?page_id=7620\" tabindex=\"-1\"><img decoding=\"async\" width=\"160\" height=\"221\" src=\"https:\/\/arastirma.disk.org.tr\/wp-content\/uploads\/2020\/08\/dik-dergi.jpg\" class=\"attachment-medium size-medium wp-image-2812\" alt=\"\" \/><\/a><\/figure><div class=\"elementor-image-box-content\"><h4 class=\"elementor-image-box-title\"><a href=\"http:\/\/arastirma.disk.org.tr\/?page_id=7620\">D\u0130SK Gazete ve Dergileri (1980 \u00d6ncesi)<\/a><\/h4><p class=\"elementor-image-box-description\">D\u0130SK taraf\u0131ndan 1967-1970 aras\u0131 yay\u0131mlanan D\u0130SK gazeteleri ile 1973-1980 aras\u0131 yay\u0131mlanan D\u0130SK dergileri<\/p><\/div><\/div>\t\t\t\t<\/div>\n\t\t\t\t<\/div>\n\t\t\t\t\t<\/div>\n\t\t<\/div>\n\t\t\t\t<div class=\"elementor-column elementor-col-25 elementor-top-column elementor-element elementor-element-14e6263\" data-id=\"14e6263\" data-element_type=\"column\" data-settings=\"{&quot;background_background&quot;:&quot;classic&quot;}\">\n\t\t\t<div class=\"elementor-widget-wrap elementor-element-populated\">\n\t\t\t\t\t\t<div class=\"elementor-element elementor-element-422c937 elementor-position-top elementor-widget elementor-widget-image-box\" data-id=\"422c937\" data-element_type=\"widget\" data-widget_type=\"image-box.default\">\n\t\t\t\t<div class=\"elementor-widget-container\">\n\t\t\t\t\t<div class=\"elementor-image-box-wrapper\"><figure class=\"elementor-image-box-img\"><a href=\"http:\/\/arastirma.disk.org.tr\/?page_id=6660\" tabindex=\"-1\"><img decoding=\"async\" width=\"215\" height=\"300\" src=\"https:\/\/arastirma.disk.org.tr\/wp-content\/uploads\/2021\/05\/diskin-sesi-1992-215x300.jpg\" class=\"attachment-medium size-medium wp-image-6792\" alt=\"\" srcset=\"https:\/\/arastirma.disk.org.tr\/wp-content\/uploads\/2021\/05\/diskin-sesi-1992-215x300.jpg 215w, https:\/\/arastirma.disk.org.tr\/wp-content\/uploads\/2021\/05\/diskin-sesi-1992-735x1024.jpg 735w, https:\/\/arastirma.disk.org.tr\/wp-content\/uploads\/2021\/05\/diskin-sesi-1992-768x1070.jpg 768w, https:\/\/arastirma.disk.org.tr\/wp-content\/uploads\/2021\/05\/diskin-sesi-1992-1102x1536.jpg 1102w, https:\/\/arastirma.disk.org.tr\/wp-content\/uploads\/2021\/05\/diskin-sesi-1992-1470x2048.jpg 1470w, https:\/\/arastirma.disk.org.tr\/wp-content\/uploads\/2021\/05\/diskin-sesi-1992.jpg 1748w\" sizes=\"(max-width: 215px) 100vw, 215px\" \/><\/a><\/figure><div class=\"elementor-image-box-content\"><h4 class=\"elementor-image-box-title\"><a href=\"http:\/\/arastirma.disk.org.tr\/?page_id=6660\">D\u0130SK Gazete ve Dergileri (1991 Sonras\u0131)<\/a><\/h4><p class=\"elementor-image-box-description\">D\u0130SK taraf\u0131ndan 1991 ve sonras\u0131nda yay\u0131mlanan gazete ve dergiler<\/p><\/div><\/div>\t\t\t\t<\/div>\n\t\t\t\t<\/div>\n\t\t\t\t\t<\/div>\n\t\t<\/div>\n\t\t\t\t<div class=\"elementor-column elementor-col-25 elementor-top-column elementor-element elementor-element-042de66\" data-id=\"042de66\" data-element_type=\"column\" data-settings=\"{&quot;background_background&quot;:&quot;classic&quot;}\">\n\t\t\t<div class=\"elementor-widget-wrap elementor-element-populated\">\n\t\t\t\t\t\t<div class=\"elementor-element elementor-element-d0de653 elementor-position-top elementor-widget elementor-widget-image-box\" data-id=\"d0de653\" data-element_type=\"widget\" data-widget_type=\"image-box.default\">\n\t\t\t\t<div class=\"elementor-widget-container\">\n\t\t\t\t\t<div class=\"elementor-image-box-wrapper\"><figure class=\"elementor-image-box-img\"><a href=\"http:\/\/arastirma.disk.org.tr\/?page_id=1091\" tabindex=\"-1\"><img loading=\"lazy\" decoding=\"async\" width=\"300\" height=\"300\" src=\"https:\/\/arastirma.disk.org.tr\/wp-content\/uploads\/2021\/07\/kapaklar-bulten-300x300.jpeg\" class=\"attachment-medium size-medium wp-image-7142\" alt=\"\" srcset=\"https:\/\/arastirma.disk.org.tr\/wp-content\/uploads\/2021\/07\/kapaklar-bulten-300x300.jpeg 300w, https:\/\/arastirma.disk.org.tr\/wp-content\/uploads\/2021\/07\/kapaklar-bulten-1024x1024.jpeg 1024w, https:\/\/arastirma.disk.org.tr\/wp-content\/uploads\/2021\/07\/kapaklar-bulten-768x768.jpeg 768w, https:\/\/arastirma.disk.org.tr\/wp-content\/uploads\/2021\/07\/kapaklar-bulten-1536x1536.jpeg 1536w, https:\/\/arastirma.disk.org.tr\/wp-content\/uploads\/2021\/07\/kapaklar-bulten-230x230.jpeg 230w, https:\/\/arastirma.disk.org.tr\/wp-content\/uploads\/2021\/07\/kapaklar-bulten-100x100.jpeg 100w, https:\/\/arastirma.disk.org.tr\/wp-content\/uploads\/2021\/07\/elementor\/thumbs\/kapaklar-bulten-p9pmhj898wx0obuz9rlgdmjo7brnnkzzcb0dngqjg0.jpeg 280w, https:\/\/arastirma.disk.org.tr\/wp-content\/uploads\/2021\/07\/kapaklar-bulten.jpeg 1600w\" sizes=\"(max-width: 300px) 100vw, 300px\" \/><\/a><\/figure><div class=\"elementor-image-box-content\"><h4 class=\"elementor-image-box-title\"><a href=\"http:\/\/arastirma.disk.org.tr\/?page_id=1091\">D\u0130SK-AR Yay\u0131n Ar\u015fivi<\/a><\/h4><p class=\"elementor-image-box-description\">D\u0130SK-AR taraf\u0131ndan yay\u0131mlanan kitap, dergi ve b\u00fclten ar\u015fivi<\/p><\/div><\/div>\t\t\t\t<\/div>\n\t\t\t\t<\/div>\n\t\t\t\t\t<\/div>\n\t\t<\/div>\n\t\t\t\t\t<\/div>\n\t\t<\/section>\n\t\t\t\t<section class=\"elementor-section elementor-top-section elementor-element elementor-element-a755c6f elementor-section-boxed elementor-section-height-default elementor-section-height-default\" data-id=\"a755c6f\" data-element_type=\"section\">\n\t\t\t\t\t\t<div class=\"elementor-container elementor-column-gap-default\">\n\t\t\t\t\t<div class=\"elementor-column elementor-col-100 elementor-top-column elementor-element elementor-element-3c170c2\" data-id=\"3c170c2\" data-element_type=\"column\">\n\t\t\t<div class=\"elementor-widget-wrap elementor-element-populated\">\n\t\t\t\t\t\t<div class=\"elementor-element elementor-element-16377da elementor-widget elementor-widget-heading\" data-id=\"16377da\" data-element_type=\"widget\" data-widget_type=\"heading.default\">\n\t\t\t\t<div class=\"elementor-widget-container\">\n\t\t\t\t\t<h2 class=\"elementor-heading-title elementor-size-default\">Emek \u00c7al\u0131\u015fmalar\u0131 Ar\u015fivleri<\/h2>\t\t\t\t<\/div>\n\t\t\t\t<\/div>\n\t\t\t\t\t<\/div>\n\t\t<\/div>\n\t\t\t\t\t<\/div>\n\t\t<\/section>\n\t\t\t\t<section class=\"elementor-section elementor-top-section elementor-element elementor-element-1a5b7f2 elementor-section-boxed elementor-section-height-default elementor-section-height-default\" data-id=\"1a5b7f2\" data-element_type=\"section\">\n\t\t\t\t\t\t<div class=\"elementor-container elementor-column-gap-default\">\n\t\t\t\t\t<div class=\"elementor-column elementor-col-50 elementor-top-column elementor-element elementor-element-2fe6754\" data-id=\"2fe6754\" data-element_type=\"column\" data-settings=\"{&quot;background_background&quot;:&quot;classic&quot;}\">\n\t\t\t<div class=\"elementor-widget-wrap elementor-element-populated\">\n\t\t\t\t\t\t<div class=\"elementor-element elementor-element-ad497b8 elementor-position-top elementor-widget elementor-widget-image-box\" data-id=\"ad497b8\" data-element_type=\"widget\" data-widget_type=\"image-box.default\">\n\t\t\t\t<div class=\"elementor-widget-container\">\n\t\t\t\t\t<div class=\"elementor-image-box-wrapper\"><figure class=\"elementor-image-box-img\"><a href=\"https:\/\/www.tustav.org\/isci-hareketleri-arsiv-fonu\/\" tabindex=\"-1\"><img loading=\"lazy\" decoding=\"async\" width=\"228\" height=\"300\" src=\"https:\/\/arastirma.disk.org.tr\/wp-content\/uploads\/2020\/07\/tustav-228x300.jpg\" class=\"attachment-medium size-medium wp-image-1021\" alt=\"\" srcset=\"https:\/\/arastirma.disk.org.tr\/wp-content\/uploads\/2020\/07\/tustav-228x300.jpg 228w, https:\/\/arastirma.disk.org.tr\/wp-content\/uploads\/2020\/07\/tustav.jpg 284w\" sizes=\"(max-width: 228px) 100vw, 228px\" \/><\/a><\/figure><div class=\"elementor-image-box-content\"><h4 class=\"elementor-image-box-title\"><a href=\"https:\/\/www.tustav.org\/isci-hareketleri-arsiv-fonu\/\">D\u0130SK ve \u0130\u015f\u00e7i Hareketi Ar\u015fiv Fonlar\u0131<\/a><\/h4><p class=\"elementor-image-box-description\">D\u0130SK Genel Merkez ve \u00fcye sendikalar\u0131n T\u00dcSTAV taraf\u0131ndan tasnif edilen ve kullan\u0131ma a\u00e7\u0131lan ar\u015fivleri<\/p><\/div><\/div>\t\t\t\t<\/div>\n\t\t\t\t<\/div>\n\t\t\t\t<div class=\"elementor-element elementor-element-b76eed4 elementor-position-top elementor-widget elementor-widget-image-box\" data-id=\"b76eed4\" data-element_type=\"widget\" data-widget_type=\"image-box.default\">\n\t\t\t\t<div class=\"elementor-widget-container\">\n\t\t\t\t\t<div class=\"elementor-image-box-wrapper\"><figure class=\"elementor-image-box-img\"><a href=\"https:\/\/birlesikmetalis.org\/yayinlar\/yayin-arsivi\/\" tabindex=\"-1\"><img loading=\"lazy\" decoding=\"async\" width=\"300\" height=\"206\" src=\"https:\/\/arastirma.disk.org.tr\/wp-content\/uploads\/2021\/11\/Screen-Shot-2021-11-11-at-10.23.07-300x206.png\" class=\"attachment-medium size-medium wp-image-7976\" alt=\"\" srcset=\"https:\/\/arastirma.disk.org.tr\/wp-content\/uploads\/2021\/11\/Screen-Shot-2021-11-11-at-10.23.07-300x206.png 300w, https:\/\/arastirma.disk.org.tr\/wp-content\/uploads\/2021\/11\/Screen-Shot-2021-11-11-at-10.23.07-1024x704.png 1024w, https:\/\/arastirma.disk.org.tr\/wp-content\/uploads\/2021\/11\/Screen-Shot-2021-11-11-at-10.23.07-768x528.png 768w, https:\/\/arastirma.disk.org.tr\/wp-content\/uploads\/2021\/11\/Screen-Shot-2021-11-11-at-10.23.07.png 1244w\" sizes=\"(max-width: 300px) 100vw, 300px\" \/><\/a><\/figure><div class=\"elementor-image-box-content\"><h4 class=\"elementor-image-box-title\"><a href=\"https:\/\/birlesikmetalis.org\/yayinlar\/yayin-arsivi\/\">T\u00fcrkiye Maden-\u0130\u015f Ar\u015fivi<\/a><\/h4><p class=\"elementor-image-box-description\">T\u00fcrkiye Maden-\u0130\u015f ve Otomobil-\u0130\u015f sendikalar\u0131n\u0131n ar\u015fivleri<\/p><\/div><\/div>\t\t\t\t<\/div>\n\t\t\t\t<\/div>\n\t\t\t\t\t<\/div>\n\t\t<\/div>\n\t\t\t\t<div class=\"elementor-column elementor-col-50 elementor-top-column elementor-element elementor-element-1e1e37b\" data-id=\"1e1e37b\" data-element_type=\"column\" data-settings=\"{&quot;background_background&quot;:&quot;classic&quot;}\">\n\t\t\t<div class=\"elementor-widget-wrap elementor-element-populated\">\n\t\t\t\t\t\t<div class=\"elementor-element elementor-element-a6e4172 elementor-position-top elementor-widget elementor-widget-image-box\" data-id=\"a6e4172\" data-element_type=\"widget\" data-widget_type=\"image-box.default\">\n\t\t\t\t<div class=\"elementor-widget-container\">\n\t\t\t\t\t<div class=\"elementor-image-box-wrapper\"><figure class=\"elementor-image-box-img\"><a href=\"https:\/\/www.tustav.org\/sureli-yayinlar-arsivi\/\" tabindex=\"-1\"><img loading=\"lazy\" decoding=\"async\" width=\"228\" height=\"300\" src=\"https:\/\/arastirma.disk.org.tr\/wp-content\/uploads\/2020\/07\/tustav-228x300.jpg\" class=\"attachment-medium size-medium wp-image-1021\" alt=\"\" srcset=\"https:\/\/arastirma.disk.org.tr\/wp-content\/uploads\/2020\/07\/tustav-228x300.jpg 228w, https:\/\/arastirma.disk.org.tr\/wp-content\/uploads\/2020\/07\/tustav.jpg 284w\" sizes=\"(max-width: 228px) 100vw, 228px\" \/><\/a><\/figure><div class=\"elementor-image-box-content\"><h4 class=\"elementor-image-box-title\"><a href=\"https:\/\/www.tustav.org\/sureli-yayinlar-arsivi\/\">T\u00dcSTAV S\u00fcreli Yay\u0131nlar Ar\u015fivi<\/a><\/h4><p class=\"elementor-image-box-description\">Sendika, emek ve sol hareket taraf\u0131ndan yay\u0131mlanm\u0131\u015f \u00e7e\u015fitli s\u00fcreli yay\u0131nlar ar\u015fivi<\/p><\/div><\/div>\t\t\t\t<\/div>\n\t\t\t\t<\/div>\n\t\t\t\t<div class=\"elementor-element elementor-element-f21f588 elementor-position-top elementor-widget elementor-widget-image-box\" data-id=\"f21f588\" data-element_type=\"widget\" data-widget_type=\"image-box.default\">\n\t\t\t\t<div class=\"elementor-widget-container\">\n\t\t\t\t\t<div class=\"elementor-image-box-wrapper\"><figure class=\"elementor-image-box-img\"><a href=\"http:\/\/arastirma.disk.org.tr\/?page_id=2597\" tabindex=\"-1\"><img loading=\"lazy\" decoding=\"async\" width=\"215\" height=\"300\" src=\"https:\/\/arastirma.disk.org.tr\/wp-content\/uploads\/2020\/08\/2011-215x300.jpg\" class=\"attachment-medium size-medium wp-image-2609\" alt=\"\" srcset=\"https:\/\/arastirma.disk.org.tr\/wp-content\/uploads\/2020\/08\/2011-215x300.jpg 215w, https:\/\/arastirma.disk.org.tr\/wp-content\/uploads\/2020\/08\/2011-734x1024.jpg 734w, https:\/\/arastirma.disk.org.tr\/wp-content\/uploads\/2020\/08\/2011-768x1071.jpg 768w, https:\/\/arastirma.disk.org.tr\/wp-content\/uploads\/2020\/08\/2011.jpg 974w\" sizes=\"(max-width: 215px) 100vw, 215px\" \/><\/a><\/figure><div class=\"elementor-image-box-content\"><h4 class=\"elementor-image-box-title\"><a href=\"http:\/\/arastirma.disk.org.tr\/?page_id=2597\">Sosyal Haklar Konferanslar\u0131 Kitaplar\u0131<\/a><\/h4><p class=\"elementor-image-box-description\">2009-2016 y\u0131llar\u0131 aras\u0131nda Prof. Dr. Mesut G\u00fclmez'in ba\u015fkanl\u0131\u011f\u0131nda d\u00fczenlenen sosyal haklar konferanslar\u0131na ait kitaplar.<\/p><\/div><\/div>\t\t\t\t<\/div>\n\t\t\t\t<\/div>\n\t\t\t\t\t<\/div>\n\t\t<\/div>\n\t\t\t\t\t<\/div>\n\t\t<\/section>\n\t\t\t\t<section class=\"elementor-section elementor-top-section elementor-element elementor-element-e183f8c elementor-section-boxed elementor-section-height-default elementor-section-height-default\" data-id=\"e183f8c\" data-element_type=\"section\">\n\t\t\t\t\t\t<div class=\"elementor-container elementor-column-gap-default\">\n\t\t\t\t\t<div class=\"elementor-column elementor-col-100 elementor-top-column elementor-element elementor-element-08a39e2\" data-id=\"08a39e2\" data-element_type=\"column\">\n\t\t\t<div class=\"elementor-widget-wrap elementor-element-populated\">\n\t\t\t\t\t\t<div class=\"elementor-element elementor-element-b0ade73 elementor-widget elementor-widget-testimonial\" data-id=\"b0ade73\" data-element_type=\"widget\" data-widget_type=\"testimonial.default\">\n\t\t\t\t<div class=\"elementor-widget-container\">\n\t\t\t\t\t\t\t<div class=\"elementor-testimonial-wrapper\">\n\t\t\t\t\t\t\t<div class=\"elementor-testimonial-content\">Emek ve sendikal \u00e7al\u0131\u015fmalara ili\u015fkin ar\u015fivler web sitemize eklenmeye devam edecektir.<\/div>\n\t\t\t\n\t\t\t\t\t\t<div class=\"elementor-testimonial-meta elementor-has-image elementor-testimonial-image-position-aside\">\n\t\t\t\t<div class=\"elementor-testimonial-meta-inner\">\n\t\t\t\t\t\t\t\t\t\t\t<div class=\"elementor-testimonial-image\">\n\t\t\t\t\t\t\t<img loading=\"lazy\" decoding=\"async\" width=\"1392\" height=\"1044\" src=\"https:\/\/arastirma.disk.org.tr\/wp-content\/uploads\/2020\/08\/emek-arastirmalar\u0131-kapak-e1596549510141.jpg\" class=\"attachment-full size-full wp-image-1193\" alt=\"\" srcset=\"https:\/\/arastirma.disk.org.tr\/wp-content\/uploads\/2020\/08\/emek-arastirmalar\u0131-kapak-e1596549510141.jpg 1392w, https:\/\/arastirma.disk.org.tr\/wp-content\/uploads\/2020\/08\/emek-arastirmalar\u0131-kapak-e1596549510141-300x225.jpg 300w, https:\/\/arastirma.disk.org.tr\/wp-content\/uploads\/2020\/08\/emek-arastirmalar\u0131-kapak-e1596549510141-1024x768.jpg 1024w, https:\/\/arastirma.disk.org.tr\/wp-content\/uploads\/2020\/08\/emek-arastirmalar\u0131-kapak-e1596549510141-768x576.jpg 768w, https:\/\/arastirma.disk.org.tr\/wp-content\/uploads\/2020\/08\/emek-arastirmalar\u0131-kapak-e1596549510141-480x360.jpg 480w\" sizes=\"(max-width: 1392px) 100vw, 1392px\" \/>\t\t\t\t\t\t<\/div>\n\t\t\t\t\t\n\t\t\t\t\t\t\t\t\t\t<div class=\"elementor-testimonial-details\">\n\t\t\t\t\t\t\t\t\t\t\t\t\t\t<div class=\"elementor-testimonial-name\">Ar\u015fiv<\/div>\n\t\t\t\t\t\t\t\t\t\t\t\t\t\t\t\t\t\t\t<\/div>\n\t\t\t\t\t\t\t\t\t<\/div>\n\t\t\t<\/div>\n\t\t\t\t\t<\/div>\n\t\t\t\t\t\t<\/div>\n\t\t\t\t<\/div>\n\t\t\t\t\t<\/div>\n\t\t<\/div>\n\t\t\t\t\t<\/div>\n\t\t<\/section>\n\t\t\t\t<\/div>\n\t\t","protected":false},"excerpt":{"rendered":"<p>D\u0130SK Yay\u0131nlar\u0131 Ar\u015fivi D\u0130SK Yay\u0131n Ar\u015fivi D\u0130SK taraf\u0131ndan yay\u0131mlanan kitap, bro\u015f\u00fcr ve raporlar D\u0130SK Gazete ve Dergileri (1980 \u00d6ncesi) D\u0130SK taraf\u0131ndan 1967-1970 aras\u0131 yay\u0131mlanan D\u0130SK&#8230;<\/p>\n","protected":false},"author":3,"featured_media":0,"parent":27,"menu_order":0,"comment_status":"closed","ping_status":"closed","template":"template-full-width-page.php","meta":{"footnotes":""},"class_list":["post-2475","page","type-page","status-publish","hentry"],"_links":{"self":[{"href":"https:\/\/arastirma.disk.org.tr\/index.php?rest_route=\/wp\/v2\/pages\/2475","targetHints":{"allow":["GET"]}}],"collection":[{"href":"https:\/\/arastirma.disk.org.tr\/index.php?rest_route=\/wp\/v2\/pages"}],"about":[{"href":"https:\/\/arastirma.disk.org.tr\/index.php?rest_route=\/wp\/v2\/types\/page"}],"author":[{"embeddable":true,"href":"https:\/\/arastirma.disk.org.tr\/index.php?rest_route=\/wp\/v2\/users\/3"}],"replies":[{"embeddable":true,"href":"https:\/\/arastirma.disk.org.tr\/index.php?rest_route=%2Fwp%2Fv2%2Fcomments&post=2475"}],"version-history":[{"count":84,"href":"https:\/\/arastirma.disk.org.tr\/index.php?rest_route=\/wp\/v2\/pages\/2475\/revisions"}],"predecessor-version":[{"id":12889,"href":"https:\/\/arastirma.disk.org.tr\/index.php?rest_route=\/wp\/v2\/pages\/2475\/revisions\/12889"}],"up":[{"embeddable":true,"href":"https:\/\/arastirma.disk.org.tr\/index.php?rest_route=\/wp\/v2\/pages\/27"}],"wp:attachment":[{"href":"https:\/\/arastirma.disk.org.tr\/index.php?rest_route=%2Fwp%2Fv2%2Fmedia&parent=2475"}],"curies":[{"name":"wp","href":"https:\/\/api.w.org\/{rel}","templated":true}]}}