{"id":3,"date":"2019-08-19T13:41:19","date_gmt":"2019-08-19T13:41:19","guid":{"rendered":"http:\/\/arastirma.disk.org.tr\/?page_id=3"},"modified":"2025-01-10T18:50:59","modified_gmt":"2025-01-10T15:50:59","slug":"privacy-policy","status":"publish","type":"page","link":"https:\/\/arastirma.disk.org.tr\/?page_id=3","title":{"rendered":"\u0130\u00e7erik ve Gizlilik Politikas\u0131"},"content":{"rendered":"\t\t<div data-elementor-type=\"wp-page\" data-elementor-id=\"3\" class=\"elementor elementor-3\">\n\t\t\t\t\t\t<section class=\"elementor-section elementor-top-section elementor-element elementor-element-8e306ca elementor-section-boxed elementor-section-height-default elementor-section-height-default\" data-id=\"8e306ca\" data-element_type=\"section\">\n\t\t\t\t\t\t<div class=\"elementor-container elementor-column-gap-default\">\n\t\t\t\t\t<div class=\"elementor-column elementor-col-100 elementor-top-column elementor-element elementor-element-e9c1dfd\" data-id=\"e9c1dfd\" data-element_type=\"column\">\n\t\t\t<div class=\"elementor-widget-wrap elementor-element-populated\">\n\t\t\t\t\t\t<div class=\"elementor-element elementor-element-8d12a47 elementor-widget elementor-widget-text-editor\" data-id=\"8d12a47\" data-element_type=\"widget\" data-widget_type=\"text-editor.default\">\n\t\t\t\t<div class=\"elementor-widget-container\">\n\t\t\t\t\t\t\t\t\t<h2 style=\"text-align: center;\"><span style=\"color: #993300;\">\u0130\u00e7erik ve Yay\u0131n Politikas\u0131<\/span><\/h2><h5 style=\"text-align: center;\">Sitemizin yay\u0131n politikas\u0131 ve ilkeleri hakk\u0131nda<\/h5>\t\t\t\t\t\t\t\t<\/div>\n\t\t\t\t<\/div>\n\t\t\t\t<div class=\"elementor-element elementor-element-928aa47 elementor-widget__width-inherit elementor-widget-divider--view-line elementor-widget elementor-widget-divider\" data-id=\"928aa47\" data-element_type=\"widget\" data-widget_type=\"divider.default\">\n\t\t\t\t<div class=\"elementor-widget-container\">\n\t\t\t\t\t\t\t<div class=\"elementor-divider\">\n\t\t\t<span class=\"elementor-divider-separator\">\n\t\t\t\t\t\t<\/span>\n\t\t<\/div>\n\t\t\t\t\t\t<\/div>\n\t\t\t\t<\/div>\n\t\t\t\t\t<\/div>\n\t\t<\/div>\n\t\t\t\t\t<\/div>\n\t\t<\/section>\n\t\t\t\t<section class=\"elementor-section elementor-top-section elementor-element elementor-element-6a9dc741 elementor-section-boxed elementor-section-height-default elementor-section-height-default\" data-id=\"6a9dc741\" data-element_type=\"section\">\n\t\t\t\t\t\t<div class=\"elementor-container elementor-column-gap-default\">\n\t\t\t\t\t<div class=\"elementor-column elementor-col-100 elementor-top-column elementor-element elementor-element-17b76f7b\" data-id=\"17b76f7b\" data-element_type=\"column\">\n\t\t\t<div class=\"elementor-widget-wrap elementor-element-populated\">\n\t\t\t\t\t\t<div class=\"elementor-element elementor-element-4629c655 elementor-widget elementor-widget-text-editor\" data-id=\"4629c655\" data-element_type=\"widget\" data-widget_type=\"text-editor.default\">\n\t\t\t\t<div class=\"elementor-widget-container\">\n\t\t\t\t\t\t\t\t\t<h4>Biz kimiz?<\/h4><p>Bu web sitesi T\u00fcrkiye Devrimci \u0130\u015f\u00e7i Sendikalar\u0131 Konfederasyonu Ara\u015ft\u0131rma Merkezine \u00a0(D\u0130SK-AR) aittir. Bu web sitesinin adresi http:\/\/arastirma.disk.org.tr \u015feklindedir.\u00a0<span style=\"font-size: 14.000000953674316px;\">Web sitemiz T\u00fcrkiye Devrimci \u0130\u015f\u00e7i Sendikalar\u0131 Konfederasyonu D\u0130SK&#8217;e ait disk.org.tr alan ad\u0131 i\u00e7inde ayr\u0131 bir web sitesi olarak yay\u0131n yapmaktad\u0131r.<\/span><\/p><p><span style=\"color: #111111; font-family: 'Open Sans'; font-size: 20px; font-style: normal; font-weight: bold;\">\u0130\u00e7erik politikam\u0131z<\/span><\/p><p>Web sitemiz yay\u0131n i\u00e7eri\u011finde bilimsel ara\u015ft\u0131rma ve yay\u0131n ilkelerine uymay\u0131 kabul etti\u011fini beyan eder. Web sitemizde yer alan imzal\u0131 yaz\u0131lar ile \u00fc\u00e7\u00fcnc\u00fc taraflara ait i\u00e7erikler ilgililerin g\u00f6r\u00fc\u015flerini yans\u0131t\u0131r. Bu sitede yer alan i\u00e7erik D\u0130SK&#8217;in kurumsal g\u00f6r\u00fc\u015f\u00fc ve tutumu anlam\u0131na gelmez. Web sitemiz editoryal \u00f6zerkli\u011fe sahiptir.<\/p><h4>Sitenin amac\u0131 ve i\u00e7erikler<\/h4><p>Bu web sitesinde D\u0130SK-AR ve D\u0130SK \u00fcyesi sendikalar taraf\u0131ndan yap\u0131lan ara\u015ft\u0131rma ve yay\u0131n \u00e7al\u0131\u015fmalar\u0131 ile \u00fc\u00e7\u00fcnc\u00fc taraflarca yap\u0131lm\u0131\u015f \u00e7e\u015fitli emek ara\u015ft\u0131rmalar\u0131na \u00a0ve \u00e7e\u015fitli kurulu\u015flar taraf\u0131ndan \u00fcretilen kamuya a\u00e7\u0131k verilere yer verilmektedir.<\/p><p>Bu site ticari ama\u00e7 g\u00fctmez ve \u00fc\u00e7\u00fcnc\u00fc taraflarca sa\u011flanan i\u00e7erikle ba\u011flant\u0131l\u0131 olan bilgiler ve logo\/amblem hari\u00e7 ticari ama\u00e7la reklam bar\u0131nd\u0131rmaz.<\/p><h4>Site i\u00e7eri\u011finin kullan\u0131m\u0131<\/h4><p>Aksi belirtilmedik\u00e7e sitede yer alan ara\u015ft\u0131rma, yay\u0131n, yaz\u0131 ve i\u00e7erik D\u0130SK-AR&#8217;a aittir. Site i\u00e7eri\u011fi D\u0130SK-AR ve site kaynak g\u00f6sterilerek kullan\u0131labilir. Ancak site i\u00e7eri\u011fi al\u0131nt\u0131, haber ve yorum d\u0131\u015f\u0131nda ticari ama\u00e7la yeniden \u00e7o\u011falt\u0131lamaz ve yeniden yay\u0131nlanamaz. \u00dc\u00e7\u00fcnc\u00fc taraflara ait i\u00e7erik m\u00fcmk\u00fcnse ilgili web sitesine ba\u011flant\u0131 verilerek yay\u0131mlan\u0131r ve\/veya kaynak g\u00f6sterilir.<\/p><h4>\u0130\u00e7erik y\u00f6netimi<\/h4><p>Sitenin tasar\u0131m uygulamas\u0131 WordPress uyumlu tema \u00fczerinde D\u0130SK-AR ekibi taraf\u0131ndan yap\u0131lm\u0131\u015ft\u0131r. Site y\u00f6netimi ile i\u00e7erik sa\u011flanmas\u0131 da D\u0130SK-AR ekibi taraf\u0131ndan yap\u0131lmaktad\u0131r.<\/p><h4>Ki\u015fisel veriler<\/h4><p>Ziyaret\u00e7iler taraf\u0131ndan yap\u0131lan yorumlar veya ileti\u015fim formlar\u0131 yoluyla iletilen bilgiler sakl\u0131d\u0131r ve ziyaret\u00e7inin izni al\u0131nmadan kullan\u0131lmaz.<\/p><p>Ziyaret\u00e7iler taraf\u0131ndan yap\u0131lan yorumlar\u0131n sorumlu\u011fu ziyaret\u00e7iye aittir ve hi\u00e7bir bi\u00e7imde web sitemizi ba\u011flamaz.<\/p><p>Ziyaret\u00e7ilerin bilgileri hi\u00e7bir \u015fekilde ve ama\u00e7la \u00fc\u00e7\u00fcnc\u00fc taraflarla payla\u015f\u0131lmaz.<\/p>\t\t\t\t\t\t\t\t<\/div>\n\t\t\t\t<\/div>\n\t\t\t\t\t<\/div>\n\t\t<\/div>\n\t\t\t\t\t<\/div>\n\t\t<\/section>\n\t\t\t\t<section class=\"elementor-section elementor-top-section elementor-element elementor-element-689ff66 elementor-section-boxed elementor-section-height-default elementor-section-height-default\" data-id=\"689ff66\" data-element_type=\"section\">\n\t\t\t\t\t\t<div class=\"elementor-container elementor-column-gap-default\">\n\t\t\t\t\t<div class=\"elementor-column elementor-col-100 elementor-top-column elementor-element elementor-element-d54e28c\" data-id=\"d54e28c\" data-element_type=\"column\">\n\t\t\t<div class=\"elementor-widget-wrap elementor-element-populated\">\n\t\t\t\t\t\t<div class=\"elementor-element elementor-element-eb9dc2a elementor-widget-divider--view-line elementor-widget elementor-widget-divider\" data-id=\"eb9dc2a\" data-element_type=\"widget\" data-widget_type=\"divider.default\">\n\t\t\t\t<div class=\"elementor-widget-container\">\n\t\t\t\t\t\t\t<div class=\"elementor-divider\">\n\t\t\t<span class=\"elementor-divider-separator\">\n\t\t\t\t\t\t<\/span>\n\t\t<\/div>\n\t\t\t\t\t\t<\/div>\n\t\t\t\t<\/div>\n\t\t\t\t\t<\/div>\n\t\t<\/div>\n\t\t\t\t\t<\/div>\n\t\t<\/section>\n\t\t\t\t<section class=\"elementor-section elementor-top-section elementor-element elementor-element-f464f43 elementor-section-boxed elementor-section-height-default elementor-section-height-default\" data-id=\"f464f43\" data-element_type=\"section\">\n\t\t\t\t\t\t<div class=\"elementor-container elementor-column-gap-default\">\n\t\t\t\t\t<div class=\"elementor-column elementor-col-100 elementor-top-column elementor-element elementor-element-432df98\" data-id=\"432df98\" data-element_type=\"column\">\n\t\t\t<div class=\"elementor-widget-wrap elementor-element-populated\">\n\t\t\t\t\t\t<div class=\"elementor-element elementor-element-1a76575 elementor-widget elementor-widget-text-editor\" data-id=\"1a76575\" data-element_type=\"widget\" data-widget_type=\"text-editor.default\">\n\t\t\t\t<div class=\"elementor-widget-container\">\n\t\t\t\t\t\t\t\t\t<h4 style=\"text-align: center;\">Site tasar\u0131m uygulamas\u0131 ve yay\u0131n i\u00e7eri\u011fi<\/h4>\n<p style=\"text-align: center;\">Bu sitenin tasar\u0131m uygulamas\u0131 ve i\u00e7eri\u011fi D\u0130SK-AR ekibi taraf\u0131ndan haz\u0131rlanmaktad\u0131r.<\/p>\t\t\t\t\t\t\t\t<\/div>\n\t\t\t\t<\/div>\n\t\t\t\t\t<\/div>\n\t\t<\/div>\n\t\t\t\t\t<\/div>\n\t\t<\/section>\n\t\t\t\t<section class=\"elementor-section elementor-top-section elementor-element elementor-element-79fa18c elementor-section-boxed elementor-section-height-default elementor-section-height-default\" data-id=\"79fa18c\" data-element_type=\"section\">\n\t\t\t\t\t\t<div class=\"elementor-container elementor-column-gap-default\">\n\t\t\t\t\t<div class=\"elementor-column elementor-col-100 elementor-top-column elementor-element elementor-element-b78a32d\" data-id=\"b78a32d\" data-element_type=\"column\">\n\t\t\t<div class=\"elementor-widget-wrap elementor-element-populated\">\n\t\t\t\t\t\t<div class=\"elementor-element elementor-element-1a25e1e elementor-widget-divider--view-line elementor-widget elementor-widget-divider\" data-id=\"1a25e1e\" data-element_type=\"widget\" data-widget_type=\"divider.default\">\n\t\t\t\t<div class=\"elementor-widget-container\">\n\t\t\t\t\t\t\t<div class=\"elementor-divider\">\n\t\t\t<span class=\"elementor-divider-separator\">\n\t\t\t\t\t\t<\/span>\n\t\t<\/div>\n\t\t\t\t\t\t<\/div>\n\t\t\t\t<\/div>\n\t\t\t\t\t<\/div>\n\t\t<\/div>\n\t\t\t\t\t<\/div>\n\t\t<\/section>\n\t\t\t\t<\/div>\n\t\t","protected":false},"excerpt":{"rendered":"<p>\u0130\u00e7erik ve Yay\u0131n Politikas\u0131 Sitemizin yay\u0131n politikas\u0131 ve ilkeleri hakk\u0131nda Biz kimiz? Bu web sitesi T\u00fcrkiye Devrimci \u0130\u015f\u00e7i Sendikalar\u0131 Konfederasyonu Ara\u015ft\u0131rma Merkezine \u00a0(D\u0130SK-AR) aittir. Bu&#8230;<\/p>\n","protected":false},"author":3,"featured_media":950,"parent":0,"menu_order":0,"comment_status":"closed","ping_status":"open","template":"template-full-width-page.php","meta":{"footnotes":""},"class_list":["post-3","page","type-page","status-publish","has-post-thumbnail","hentry"],"_links":{"self":[{"href":"https:\/\/arastirma.disk.org.tr\/index.php?rest_route=\/wp\/v2\/pages\/3","targetHints":{"allow":["GET"]}}],"collection":[{"href":"https:\/\/arastirma.disk.org.tr\/index.php?rest_route=\/wp\/v2\/pages"}],"about":[{"href":"https:\/\/arastirma.disk.org.tr\/index.php?rest_route=\/wp\/v2\/types\/page"}],"author":[{"embeddable":true,"href":"https:\/\/arastirma.disk.org.tr\/index.php?rest_route=\/wp\/v2\/users\/3"}],"replies":[{"embeddable":true,"href":"https:\/\/arastirma.disk.org.tr\/index.php?rest_route=%2Fwp%2Fv2%2Fcomments&post=3"}],"version-history":[{"count":46,"href":"https:\/\/arastirma.disk.org.tr\/index.php?rest_route=\/wp\/v2\/pages\/3\/revisions"}],"predecessor-version":[{"id":12519,"href":"https:\/\/arastirma.disk.org.tr\/index.php?rest_route=\/wp\/v2\/pages\/3\/revisions\/12519"}],"wp:featuredmedia":[{"embeddable":true,"href":"https:\/\/arastirma.disk.org.tr\/index.php?rest_route=\/wp\/v2\/media\/950"}],"wp:attachment":[{"href":"https:\/\/arastirma.disk.org.tr\/index.php?rest_route=%2Fwp%2Fv2%2Fmedia&parent=3"}],"curies":[{"name":"wp","href":"https:\/\/api.w.org\/{rel}","templated":true}]}}