{"id":3861,"date":"2020-08-31T13:54:19","date_gmt":"2020-08-31T10:54:19","guid":{"rendered":"http:\/\/arastirma.disk.org.tr\/?page_id=3861"},"modified":"2024-08-14T14:02:30","modified_gmt":"2024-08-14T11:02:30","slug":"isgucu-verileri","status":"publish","type":"page","link":"https:\/\/arastirma.disk.org.tr\/?page_id=3861","title":{"rendered":"\u0130\u015fg\u00fcc\u00fc Verileri"},"content":{"rendered":"\t\t<div data-elementor-type=\"wp-page\" data-elementor-id=\"3861\" class=\"elementor elementor-3861\">\n\t\t\t\t\t\t<section class=\"elementor-section elementor-top-section elementor-element elementor-element-4b686d2 elementor-section-boxed elementor-section-height-default elementor-section-height-default\" data-id=\"4b686d2\" data-element_type=\"section\">\n\t\t\t\t\t\t<div class=\"elementor-container elementor-column-gap-default\">\n\t\t\t\t\t<div class=\"elementor-column elementor-col-100 elementor-top-column elementor-element elementor-element-5761b53\" data-id=\"5761b53\" data-element_type=\"column\">\n\t\t\t<div class=\"elementor-widget-wrap\">\n\t\t\t\t\t\t\t<\/div>\n\t\t<\/div>\n\t\t\t\t\t<\/div>\n\t\t<\/section>\n\t\t\t\t<section class=\"elementor-section elementor-top-section elementor-element elementor-element-eae3257 elementor-section-boxed elementor-section-height-default elementor-section-height-default\" data-id=\"eae3257\" data-element_type=\"section\">\n\t\t\t\t\t\t<div class=\"elementor-container elementor-column-gap-default\">\n\t\t\t\t\t<div class=\"elementor-column elementor-col-100 elementor-top-column elementor-element elementor-element-762d4c8\" data-id=\"762d4c8\" data-element_type=\"column\">\n\t\t\t<div class=\"elementor-widget-wrap elementor-element-populated\">\n\t\t\t\t\t\t<div class=\"elementor-element elementor-element-4ae0c46 elementor-widget elementor-widget-html\" data-id=\"4ae0c46\" data-element_type=\"widget\" data-widget_type=\"html.default\">\n\t\t\t\t<div class=\"elementor-widget-container\">\n\t\t\t\t\t<div class=\"flourish-embed\" data-src=\"story\/510406\"><script src=\"https:\/\/public.flourish.studio\/resources\/embed.js\"><\/script><\/div>\t\t\t\t<\/div>\n\t\t\t\t<\/div>\n\t\t\t\t\t<\/div>\n\t\t<\/div>\n\t\t\t\t\t<\/div>\n\t\t<\/section>\n\t\t\t\t<section class=\"elementor-section elementor-top-section elementor-element elementor-element-17e69cd elementor-section-boxed elementor-section-height-default elementor-section-height-default\" data-id=\"17e69cd\" data-element_type=\"section\">\n\t\t\t\t\t\t<div class=\"elementor-container elementor-column-gap-default\">\n\t\t\t\t\t<div class=\"elementor-column elementor-col-100 elementor-top-column elementor-element elementor-element-3df2430\" data-id=\"3df2430\" data-element_type=\"column\">\n\t\t\t<div class=\"elementor-widget-wrap elementor-element-populated\">\n\t\t\t\t\t\t<div class=\"elementor-element elementor-element-83699c1 elementor-widget elementor-widget-heading\" data-id=\"83699c1\" data-element_type=\"widget\" data-widget_type=\"heading.default\">\n\t\t\t\t<div class=\"elementor-widget-container\">\n\t\t\t\t\t<h2 class=\"elementor-heading-title elementor-size-default\">\u0130\u015fsizlik Verileri<\/h2>\t\t\t\t<\/div>\n\t\t\t\t<\/div>\n\t\t\t\t\t<\/div>\n\t\t<\/div>\n\t\t\t\t\t<\/div>\n\t\t<\/section>\n\t\t\t\t<section class=\"elementor-section elementor-top-section elementor-element elementor-element-3ec6309 elementor-section-boxed elementor-section-height-default elementor-section-height-default\" data-id=\"3ec6309\" data-element_type=\"section\">\n\t\t\t\t\t\t<div class=\"elementor-container elementor-column-gap-default\">\n\t\t\t\t\t<div class=\"elementor-column elementor-col-100 elementor-top-column elementor-element elementor-element-7e82662\" data-id=\"7e82662\" data-element_type=\"column\">\n\t\t\t<div class=\"elementor-widget-wrap elementor-element-populated\">\n\t\t\t\t\t\t<div class=\"elementor-element elementor-element-6752ce8 elementor-widget elementor-widget-html\" data-id=\"6752ce8\" data-element_type=\"widget\" data-widget_type=\"html.default\">\n\t\t\t\t<div class=\"elementor-widget-container\">\n\t\t\t\t\t<div class=\"flourish-embed\" data-src=\"story\/514448\"><script src=\"https:\/\/public.flourish.studio\/resources\/embed.js\"><\/script><\/div>\t\t\t\t<\/div>\n\t\t\t\t<\/div>\n\t\t\t\t\t<\/div>\n\t\t<\/div>\n\t\t\t\t\t<\/div>\n\t\t<\/section>\n\t\t\t\t<section class=\"elementor-section elementor-top-section elementor-element elementor-element-7bf3f38 elementor-section-boxed elementor-section-height-default elementor-section-height-default\" data-id=\"7bf3f38\" data-element_type=\"section\">\n\t\t\t\t\t\t<div class=\"elementor-container elementor-column-gap-default\">\n\t\t\t\t\t<div class=\"elementor-column elementor-col-100 elementor-top-column elementor-element elementor-element-79953b7\" data-id=\"79953b7\" data-element_type=\"column\">\n\t\t\t<div class=\"elementor-widget-wrap elementor-element-populated\">\n\t\t\t\t\t\t<div class=\"elementor-element elementor-element-0ff2e03 elementor-widget elementor-widget-heading\" data-id=\"0ff2e03\" data-element_type=\"widget\" data-widget_type=\"heading.default\">\n\t\t\t\t<div class=\"elementor-widget-container\">\n\t\t\t\t\t<h2 class=\"elementor-heading-title elementor-size-default\">\u0130stihdam Verileri<\/h2>\t\t\t\t<\/div>\n\t\t\t\t<\/div>\n\t\t\t\t\t<\/div>\n\t\t<\/div>\n\t\t\t\t\t<\/div>\n\t\t<\/section>\n\t\t\t\t<section class=\"elementor-section elementor-top-section elementor-element elementor-element-4714db8 elementor-section-boxed elementor-section-height-default elementor-section-height-default\" data-id=\"4714db8\" data-element_type=\"section\">\n\t\t\t\t\t\t<div class=\"elementor-container elementor-column-gap-default\">\n\t\t\t\t\t<div class=\"elementor-column elementor-col-100 elementor-top-column elementor-element elementor-element-3f06608\" data-id=\"3f06608\" data-element_type=\"column\">\n\t\t\t<div class=\"elementor-widget-wrap elementor-element-populated\">\n\t\t\t\t\t\t<div class=\"elementor-element elementor-element-b576748 elementor-widget elementor-widget-html\" data-id=\"b576748\" data-element_type=\"widget\" data-widget_type=\"html.default\">\n\t\t\t\t<div class=\"elementor-widget-container\">\n\t\t\t\t\t<div class=\"flourish-embed\" data-src=\"story\/520202\"><script src=\"https:\/\/public.flourish.studio\/resources\/embed.js\"><\/script><\/div>\t\t\t\t<\/div>\n\t\t\t\t<\/div>\n\t\t\t\t\t<\/div>\n\t\t<\/div>\n\t\t\t\t\t<\/div>\n\t\t<\/section>\n\t\t\t\t<section class=\"elementor-section elementor-top-section elementor-element elementor-element-1b1b919 elementor-section-boxed elementor-section-height-default elementor-section-height-default\" data-id=\"1b1b919\" data-element_type=\"section\">\n\t\t\t\t\t\t<div class=\"elementor-container elementor-column-gap-default\">\n\t\t\t\t\t<div class=\"elementor-column elementor-col-100 elementor-top-column elementor-element elementor-element-3a5420e\" data-id=\"3a5420e\" data-element_type=\"column\">\n\t\t\t<div class=\"elementor-widget-wrap elementor-element-populated\">\n\t\t\t\t\t\t<div class=\"elementor-element elementor-element-7f144c5 elementor-widget elementor-widget-html\" data-id=\"7f144c5\" data-element_type=\"widget\" data-widget_type=\"html.default\">\n\t\t\t\t<div class=\"elementor-widget-container\">\n\t\t\t\t\t<!DOCTYPE html>\n<html lang=\"en\">\n<head>\n    <meta charset=\"UTF-8\">\n    <meta name=\"viewport\" content=\"width=device-width, initial-scale=1.0\">\n    <title>Alt\u0131n Madalya Bar Grafi\u011fi<\/title>\n    <script src=\"https:\/\/cdn.jsdelivr.net\/npm\/chart.js\"><\/script>\n    <style>\n        canvas {\n            width: 100%;\n            height: 400px;\n        }\n    <\/style>\n<\/head>\n<body>\n    <h2>T\u00fcrkiye'nin Olimpiyatlardaki Alt\u0131n Madalya Say\u0131s\u0131 (Bar Grafi\u011fi)<\/h2>\n    <canvas id=\"myChart\"><\/canvas>\n    \n    <script>\n        const labels = [\n            1924, 1928, 1932, 1936, 1948, 1952, 1956, \n            1960, 1964, 1968, 1972, 1976, 1980, \n            1984, 1988, 1992, 1996, 2000, \n            2004, 2008, 2012, 2016, 2020, 2024\n        ];\n\n        const data = {\n            labels: labels,\n            datasets: [{\n                label: 'Alt\u0131n Madalya',\n                data: [0, 0, 0, 1, 6, 2, 3, 7, 2, 2, 0, 0, 0, 0, 1, 2, 4, 3, 3, 1, 1, 1, 2, 0],\n                backgroundColor: [\n                    'rgba(255, 99, 132, 0.2)',\n                    'rgba(54, 162, 235, 0.2)',\n                    'rgba(255, 206, 86, 0.2)',\n                    'rgba(75, 192, 192, 0.2)',\n                    'rgba(153, 102, 255, 0.2)',\n                    'rgba(255, 159, 64, 0.2)',\n                    'rgba(255, 99, 132, 0.2)',\n                    'rgba(54, 162, 235, 0.2)',\n                    'rgba(255, 206, 86, 0.2)',\n                    'rgba(75, 192, 192, 0.2)',\n                    'rgba(153, 102, 255, 0.2)',\n                    'rgba(255, 159, 64, 0.2)',\n                    'rgba(255, 99, 132, 0.2)',\n                    'rgba(54, 162, 235, 0.2)',\n                    'rgba(255, 206, 86, 0.2)',\n                    'rgba(75, 192, 192, 0.2)',\n                    'rgba(153, 102, 255, 0.2)',\n                    'rgba(255, 159, 64, 0.2)',\n                    'rgba(255, 99, 132, 0.2)',\n                    'rgba(54, 162, 235, 0.2)',\n                    'rgba(255, 206, 86, 0.2)',\n                    'rgba(75, 192, 192, 0.2)',\n                    'rgba(153, 102, 255, 0.2)',\n                    'rgba(255, 159, 64, 0.2)'\n                ],\n                borderColor: [\n                    'rgba(255, 99, 132, 1)',\n                    'rgba(54, 162, 235, 1)',\n                    'rgba(255, 206, 86, 1)',\n                    'rgba(75, 192, 192, 1)',\n                    'rgba(153, 102, 255, 1)',\n                    'rgba(255, 159, 64, 1)',\n                    'rgba(255, 99, 132, 1)',\n                    'rgba(54, 162, 235, 1)',\n                    'rgba(255, 206, 86, 1)',\n                    'rgba(75, 192, 192, 1)',\n                    'rgba(153, 102, 255, 1)',\n                    'rgba(255, 159, 64, 1)',\n                    'rgba(255, 99, 132, 1)',\n                    'rgba(54, 162, 235, 1)',\n                    'rgba(255, 206, 86, 1)',\n                    'rgba(75, 192, 192, 1)',\n                    'rgba(153, 102, 255, 1)',\n                    'rgba(255, 159, 64, 1)',\n                    'rgba(255, 99, 132, 1)',\n                    'rgba(54, 162, 235, 1)',\n                    'rgba(255, 206, 86, 1)',\n                    'rgba(75, 192, 192, 1)',\n                    'rgba(153, 102, 255, 1)',\n                    'rgba(255, 159, 64, 1)'\n                ],\n                borderWidth: 1\n            }]\n        };\n\n        const config = {\n            type: 'bar',\n            data: data,\n            options: {\n                scales: {\n                    y: {\n                        beginAtZero: true,\n                        title: {\n                            display: true,\n                            text: 'Alt\u0131n Madalya Say\u0131s\u0131'\n                        }\n                    },\n                    x: {\n                        title: {\n                            display: true,\n                            text: 'Y\u0131llar'\n                        }\n                    }\n                }\n            }\n        };\n\n        var myChart = new Chart(\n            document.getElementById('myChart'),\n            config\n        );\n    <\/script>\n<\/body>\n<\/html>\n\n       \n\t\t\t\t<\/div>\n\t\t\t\t<\/div>\n\t\t\t\t\t<\/div>\n\t\t<\/div>\n\t\t\t\t\t<\/div>\n\t\t<\/section>\n\t\t\t\t<\/div>\n\t\t","protected":false},"excerpt":{"rendered":"<p>\u0130\u015fsizlik Verileri \u0130stihdam Verileri Alt\u0131n Madalya Bar Grafi\u011fi T\u00fcrkiye&#8217;nin Olimpiyatlardaki Alt\u0131n Madalya Say\u0131s\u0131 (Bar Grafi\u011fi)<\/p>\n","protected":false},"author":3,"featured_media":0,"parent":1802,"menu_order":0,"comment_status":"closed","ping_status":"closed","template":"template-full-width-page.php","meta":{"footnotes":""},"class_list":["post-3861","page","type-page","status-publish","hentry"],"_links":{"self":[{"href":"https:\/\/arastirma.disk.org.tr\/index.php?rest_route=\/wp\/v2\/pages\/3861","targetHints":{"allow":["GET"]}}],"collection":[{"href":"https:\/\/arastirma.disk.org.tr\/index.php?rest_route=\/wp\/v2\/pages"}],"about":[{"href":"https:\/\/arastirma.disk.org.tr\/index.php?rest_route=\/wp\/v2\/types\/page"}],"author":[{"embeddable":true,"href":"https:\/\/arastirma.disk.org.tr\/index.php?rest_route=\/wp\/v2\/users\/3"}],"replies":[{"embeddable":true,"href":"https:\/\/arastirma.disk.org.tr\/index.php?rest_route=%2Fwp%2Fv2%2Fcomments&post=3861"}],"version-history":[{"count":30,"href":"https:\/\/arastirma.disk.org.tr\/index.php?rest_route=\/wp\/v2\/pages\/3861\/revisions"}],"predecessor-version":[{"id":11882,"href":"https:\/\/arastirma.disk.org.tr\/index.php?rest_route=\/wp\/v2\/pages\/3861\/revisions\/11882"}],"up":[{"embeddable":true,"href":"https:\/\/arastirma.disk.org.tr\/index.php?rest_route=\/wp\/v2\/pages\/1802"}],"wp:attachment":[{"href":"https:\/\/arastirma.disk.org.tr\/index.php?rest_route=%2Fwp%2Fv2%2Fmedia&parent=3861"}],"curies":[{"name":"wp","href":"https:\/\/api.w.org\/{rel}","templated":true}]}}