{"id":3887,"date":"2020-08-31T14:17:23","date_gmt":"2020-08-31T11:17:23","guid":{"rendered":"http:\/\/arastirma.disk.org.tr\/?page_id=3887"},"modified":"2020-08-31T14:23:07","modified_gmt":"2020-08-31T11:23:07","slug":"ab-ekonomik-verileri","status":"publish","type":"page","link":"https:\/\/arastirma.disk.org.tr\/?page_id=3887","title":{"rendered":"AB Ekonomik Verileri"},"content":{"rendered":"\t\t<div data-elementor-type=\"wp-page\" data-elementor-id=\"3887\" class=\"elementor elementor-3887\">\n\t\t\t\t\t\t<section class=\"elementor-section elementor-top-section elementor-element elementor-element-e375ef8 elementor-section-boxed elementor-section-height-default elementor-section-height-default\" data-id=\"e375ef8\" data-element_type=\"section\">\n\t\t\t\t\t\t<div class=\"elementor-container elementor-column-gap-default\">\n\t\t\t\t\t<div class=\"elementor-column elementor-col-100 elementor-top-column elementor-element elementor-element-e082cfc\" data-id=\"e082cfc\" data-element_type=\"column\">\n\t\t\t<div class=\"elementor-widget-wrap elementor-element-populated\">\n\t\t\t\t\t\t<div class=\"elementor-element elementor-element-3f98b57 elementor-widget elementor-widget-html\" data-id=\"3f98b57\" data-element_type=\"widget\" data-widget_type=\"html.default\">\n\t\t\t\t<div class=\"elementor-widget-container\">\n\t\t\t\t\t<div class=\"portlet-boundary portlet-boundary_56_ portlet-static portlet-static-end portlet-journal-content \" id=\"p_p_id_56_INSTANCE_Jl1azBQTozMS_\"> <section class=\"portlet\" id=\"portlet_56_INSTANCE_Jl1azBQTozMS\"> <header class=\"portlet-topper\"> <h1 class=\"portlet-title\"> <span class=\"portlet-title-text\"><\/span> <\/h1> <div class=\"portlet-topper-toolbar\" id=\"portlet-topper-toolbar_56_INSTANCE_Jl1azBQTozMS\"> <\/div> <\/header> <div class=\"portlet-content\"> <div class=\" portlet-content-container\"> <div class=\"portlet-body\"> <div class=\"journal-content-article\"> <iframe height=\"450\" id=\"ecotrends\" src=\"https:\/\/ec.europa.eu\/eurostat\/cache\/infographs\/economy\/mobile\/index.html?lang=en&amp;code=teiis080&amp;country=EU27_2020&amp;nofooter=true\" style=\"border:0; width: 100%;\"><\/iframe> <\/div> <div class=\"entry-links\"> <\/div> <\/div> <\/div> <\/div> <\/section> <\/div>\t\t\t\t<\/div>\n\t\t\t\t<\/div>\n\t\t\t\t<div class=\"elementor-element elementor-element-e8606dc elementor-widget elementor-widget-text-editor\" data-id=\"e8606dc\" data-element_type=\"widget\" data-widget_type=\"text-editor.default\">\n\t\t\t\t<div class=\"elementor-widget-container\">\n\t\t\t\t\t\t\t\t\t<p><em>Kaynak: Bu veriler Eurostat veri taban\u0131ndan otomatik olarak sa\u011flanmaktad\u0131r.<\/em><\/p>\t\t\t\t\t\t\t\t<\/div>\n\t\t\t\t<\/div>\n\t\t\t\t\t<\/div>\n\t\t<\/div>\n\t\t\t\t\t<\/div>\n\t\t<\/section>\n\t\t\t\t<\/div>\n\t\t","protected":false},"excerpt":{"rendered":"<p>Kaynak: Bu veriler Eurostat veri taban\u0131ndan otomatik olarak sa\u011flanmaktad\u0131r.<\/p>\n","protected":false},"author":3,"featured_media":0,"parent":1802,"menu_order":0,"comment_status":"closed","ping_status":"closed","template":"template-full-width-page.php","meta":{"footnotes":""},"class_list":["post-3887","page","type-page","status-publish","hentry"],"_links":{"self":[{"href":"https:\/\/arastirma.disk.org.tr\/index.php?rest_route=\/wp\/v2\/pages\/3887","targetHints":{"allow":["GET"]}}],"collection":[{"href":"https:\/\/arastirma.disk.org.tr\/index.php?rest_route=\/wp\/v2\/pages"}],"about":[{"href":"https:\/\/arastirma.disk.org.tr\/index.php?rest_route=\/wp\/v2\/types\/page"}],"author":[{"embeddable":true,"href":"https:\/\/arastirma.disk.org.tr\/index.php?rest_route=\/wp\/v2\/users\/3"}],"replies":[{"embeddable":true,"href":"https:\/\/arastirma.disk.org.tr\/index.php?rest_route=%2Fwp%2Fv2%2Fcomments&post=3887"}],"version-history":[{"count":4,"href":"https:\/\/arastirma.disk.org.tr\/index.php?rest_route=\/wp\/v2\/pages\/3887\/revisions"}],"predecessor-version":[{"id":3894,"href":"https:\/\/arastirma.disk.org.tr\/index.php?rest_route=\/wp\/v2\/pages\/3887\/revisions\/3894"}],"up":[{"embeddable":true,"href":"https:\/\/arastirma.disk.org.tr\/index.php?rest_route=\/wp\/v2\/pages\/1802"}],"wp:attachment":[{"href":"https:\/\/arastirma.disk.org.tr\/index.php?rest_route=%2Fwp%2Fv2%2Fmedia&parent=3887"}],"curies":[{"name":"wp","href":"https:\/\/api.w.org\/{rel}","templated":true}]}}