{"id":5281,"date":"2021-03-24T11:29:40","date_gmt":"2021-03-24T08:29:40","guid":{"rendered":"http:\/\/arastirma.disk.org.tr\/?page_id=5281"},"modified":"2024-04-19T17:05:54","modified_gmt":"2024-04-19T14:05:54","slug":"sanayide-reel-birim-ucret-ve-verimlilik-bultenleri","status":"publish","type":"page","link":"https:\/\/arastirma.disk.org.tr\/?page_id=5281","title":{"rendered":"Sanayide Reel Birim \u00dccret ve Verimlilik"},"content":{"rendered":"\t\t<div data-elementor-type=\"wp-page\" data-elementor-id=\"5281\" class=\"elementor elementor-5281\">\n\t\t\t\t\t\t<section class=\"elementor-section elementor-top-section elementor-element elementor-element-3d0a2d3 elementor-section-boxed elementor-section-height-default elementor-section-height-default\" data-id=\"3d0a2d3\" data-element_type=\"section\">\n\t\t\t\t\t\t<div class=\"elementor-container elementor-column-gap-default\">\n\t\t\t\t\t<div class=\"elementor-column elementor-col-100 elementor-top-column elementor-element elementor-element-adda1a8\" data-id=\"adda1a8\" data-element_type=\"column\">\n\t\t\t<div class=\"elementor-widget-wrap elementor-element-populated\">\n\t\t\t\t\t\t<div class=\"elementor-element elementor-element-d79dbac elementor-widget elementor-widget-accordion\" data-id=\"d79dbac\" data-element_type=\"widget\" data-widget_type=\"accordion.default\">\n\t\t\t\t<div class=\"elementor-widget-container\">\n\t\t\t\t\t\t\t<div class=\"elementor-accordion\">\n\t\t\t\t\t\t\t<div class=\"elementor-accordion-item\">\n\t\t\t\t\t<div id=\"elementor-tab-title-2261\" class=\"elementor-tab-title\" data-tab=\"1\" role=\"button\" aria-controls=\"elementor-tab-content-2261\" aria-expanded=\"false\">\n\t\t\t\t\t\t\t\t\t\t\t\t<a class=\"elementor-accordion-title\" tabindex=\"0\">17 Mart 2021-Sanayide reel birim \u00fccret ve verimlilik u\u00e7urumu b\u00fcy\u00fcyor!<\/a>\n\t\t\t\t\t<\/div>\n\t\t\t\t\t<div id=\"elementor-tab-content-2261\" class=\"elementor-tab-content elementor-clearfix\" data-tab=\"1\" role=\"region\" aria-labelledby=\"elementor-tab-title-2261\"><p><a href=\"http:\/\/arastirma.disk.org.tr\/?p=5176\"><img decoding=\"async\" class=\"alignnone size-medium wp-image-5179\" src=\"http:\/\/arastirma.disk.org.tr\/wp-content\/uploads\/2021\/03\/e\u015fitsizlik-300x144.jpg\" alt=\"\" width=\"300\" height=\"144\" srcset=\"https:\/\/arastirma.disk.org.tr\/wp-content\/uploads\/2021\/03\/e\u015fitsizlik-300x144.jpg 300w, https:\/\/arastirma.disk.org.tr\/wp-content\/uploads\/2021\/03\/e\u015fitsizlik-1024x491.jpg 1024w, https:\/\/arastirma.disk.org.tr\/wp-content\/uploads\/2021\/03\/e\u015fitsizlik-768x368.jpg 768w, https:\/\/arastirma.disk.org.tr\/wp-content\/uploads\/2021\/03\/e\u015fitsizlik.jpg 1200w\" sizes=\"(max-width: 300px) 100vw, 300px\" \/><\/a><\/p><\/div>\n\t\t\t\t<\/div>\n\t\t\t\t\t\t\t<div class=\"elementor-accordion-item\">\n\t\t\t\t\t<div id=\"elementor-tab-title-2262\" class=\"elementor-tab-title\" data-tab=\"2\" role=\"button\" aria-controls=\"elementor-tab-content-2262\" aria-expanded=\"false\">\n\t\t\t\t\t\t\t\t\t\t\t\t<a class=\"elementor-accordion-title\" tabindex=\"0\">4 Ocak 2021-\u0130\u015fg\u00fcc\u00fc verimi y\u00fczde 45 artarken reel \u00fccretler yerinde sayd\u0131!<\/a>\n\t\t\t\t\t<\/div>\n\t\t\t\t\t<div id=\"elementor-tab-content-2262\" class=\"elementor-tab-content elementor-clearfix\" data-tab=\"2\" role=\"region\" aria-labelledby=\"elementor-tab-title-2262\"><p><a href=\"http:\/\/arastirma.disk.org.tr\/?p=4732\"><img decoding=\"async\" class=\"alignnone size-medium wp-image-2763\" src=\"http:\/\/arastirma.disk.org.tr\/wp-content\/uploads\/2020\/08\/i\u015f\u00e7i-metal-300x159.jpg\" alt=\"\" width=\"300\" height=\"159\" srcset=\"https:\/\/arastirma.disk.org.tr\/wp-content\/uploads\/2020\/08\/i\u015f\u00e7i-metal-300x159.jpg 300w, https:\/\/arastirma.disk.org.tr\/wp-content\/uploads\/2020\/08\/i\u015f\u00e7i-metal.jpg 650w\" sizes=\"(max-width: 300px) 100vw, 300px\" \/><\/a><\/p><\/div>\n\t\t\t\t<\/div>\n\t\t\t\t\t\t\t<div class=\"elementor-accordion-item\">\n\t\t\t\t\t<div id=\"elementor-tab-title-2263\" class=\"elementor-tab-title\" data-tab=\"3\" role=\"button\" aria-controls=\"elementor-tab-content-2263\" aria-expanded=\"false\">\n\t\t\t\t\t\t\t\t\t\t\t\t<a class=\"elementor-accordion-title\" tabindex=\"0\">7 Ekim 2020-\u0130\u015f\u00e7iler daha \u00e7ok \u00fcretiyor-\u00fcretim art\u0131\u015f\u0131ndan pay alam\u0131yor<\/a>\n\t\t\t\t\t<\/div>\n\t\t\t\t\t<div id=\"elementor-tab-content-2263\" class=\"elementor-tab-content elementor-clearfix\" data-tab=\"3\" role=\"region\" aria-labelledby=\"elementor-tab-title-2263\"><p><a href=\"http:\/\/arastirma.disk.org.tr\/?p=4267\"><img fetchpriority=\"high\" decoding=\"async\" class=\"alignnone size-medium wp-image-4272\" src=\"http:\/\/arastirma.disk.org.tr\/wp-content\/uploads\/2020\/10\/verimlilik-ve-reel-\u00fccret-300x205.png\" alt=\"\" width=\"300\" height=\"205\" srcset=\"https:\/\/arastirma.disk.org.tr\/wp-content\/uploads\/2020\/10\/verimlilik-ve-reel-\u00fccret-300x205.png 300w, https:\/\/arastirma.disk.org.tr\/wp-content\/uploads\/2020\/10\/verimlilik-ve-reel-\u00fccret-768x524.png 768w, https:\/\/arastirma.disk.org.tr\/wp-content\/uploads\/2020\/10\/verimlilik-ve-reel-\u00fccret.png 858w\" sizes=\"(max-width: 300px) 100vw, 300px\" \/><\/a><\/p><\/div>\n\t\t\t\t<\/div>\n\t\t\t\t\t\t\t\t<\/div>\n\t\t\t\t\t\t<\/div>\n\t\t\t\t<\/div>\n\t\t\t\t\t<\/div>\n\t\t<\/div>\n\t\t\t\t\t<\/div>\n\t\t<\/section>\n\t\t\t\t<\/div>\n\t\t","protected":false},"excerpt":{"rendered":"<p>17 Mart 2021-Sanayide reel birim \u00fccret ve verimlilik u\u00e7urumu b\u00fcy\u00fcyor! 4 Ocak 2021-\u0130\u015fg\u00fcc\u00fc verimi y\u00fczde 45 artarken reel \u00fccretler yerinde sayd\u0131! 7 Ekim 2020-\u0130\u015f\u00e7iler daha&#8230;<\/p>\n","protected":false},"author":3,"featured_media":0,"parent":2902,"menu_order":0,"comment_status":"closed","ping_status":"closed","template":"template-full-width-page.php","meta":{"footnotes":""},"class_list":["post-5281","page","type-page","status-publish","hentry"],"_links":{"self":[{"href":"https:\/\/arastirma.disk.org.tr\/index.php?rest_route=\/wp\/v2\/pages\/5281","targetHints":{"allow":["GET"]}}],"collection":[{"href":"https:\/\/arastirma.disk.org.tr\/index.php?rest_route=\/wp\/v2\/pages"}],"about":[{"href":"https:\/\/arastirma.disk.org.tr\/index.php?rest_route=\/wp\/v2\/types\/page"}],"author":[{"embeddable":true,"href":"https:\/\/arastirma.disk.org.tr\/index.php?rest_route=\/wp\/v2\/users\/3"}],"replies":[{"embeddable":true,"href":"https:\/\/arastirma.disk.org.tr\/index.php?rest_route=%2Fwp%2Fv2%2Fcomments&post=5281"}],"version-history":[{"count":9,"href":"https:\/\/arastirma.disk.org.tr\/index.php?rest_route=\/wp\/v2\/pages\/5281\/revisions"}],"predecessor-version":[{"id":11359,"href":"https:\/\/arastirma.disk.org.tr\/index.php?rest_route=\/wp\/v2\/pages\/5281\/revisions\/11359"}],"up":[{"embeddable":true,"href":"https:\/\/arastirma.disk.org.tr\/index.php?rest_route=\/wp\/v2\/pages\/2902"}],"wp:attachment":[{"href":"https:\/\/arastirma.disk.org.tr\/index.php?rest_route=%2Fwp%2Fv2%2Fmedia&parent=5281"}],"curies":[{"name":"wp","href":"https:\/\/api.w.org\/{rel}","templated":true}]}}