{"id":5307,"date":"2021-03-25T10:08:48","date_gmt":"2021-03-25T07:08:48","guid":{"rendered":"http:\/\/arastirma.disk.org.tr\/?page_id=5307"},"modified":"2021-03-25T10:24:45","modified_gmt":"2021-03-25T07:24:45","slug":"infografikle-dunyada-ve-turkiyede-covid-19un-sosyal-ve-ekonomik-etkileri-ile-mucadeleye-ayrilan-kaynaklar","status":"publish","type":"page","link":"https:\/\/arastirma.disk.org.tr\/?page_id=5307","title":{"rendered":"\u0130nfografikle D\u00fcnyada ve T\u00fcrkiye&#8217;de Covid-19&#8217;un Sosyal ve Ekonomik Etkileri ile M\u00fccadeleye Ayr\u0131lan Kaynaklar"},"content":{"rendered":"\t\t<div data-elementor-type=\"wp-page\" data-elementor-id=\"5307\" class=\"elementor elementor-5307\">\n\t\t\t\t\t\t<section class=\"elementor-section elementor-top-section elementor-element elementor-element-540e7e8 elementor-section-boxed elementor-section-height-default elementor-section-height-default\" data-id=\"540e7e8\" data-element_type=\"section\">\n\t\t\t\t\t\t<div class=\"elementor-container elementor-column-gap-default\">\n\t\t\t\t\t<div class=\"elementor-column elementor-col-100 elementor-top-column elementor-element elementor-element-0a6a72e\" data-id=\"0a6a72e\" data-element_type=\"column\">\n\t\t\t<div class=\"elementor-widget-wrap elementor-element-populated\">\n\t\t\t\t\t\t<div class=\"elementor-element elementor-element-cac270b elementor-widget elementor-widget-html\" data-id=\"cac270b\" data-element_type=\"widget\" data-widget_type=\"html.default\">\n\t\t\t\t<div class=\"elementor-widget-container\">\n\t\t\t\t\t<div class=\"infogram-embed\" data-id=\"57079fd5-4ed8-4d41-ac78-a0afb5158f7c\" data-type=\"interactive\" data-title=\"Covid-19a ayr\u0131lan kaynaklar\"><\/div><script>!function(e,i,n,s){var t=\"InfogramEmbeds\",d=e.getElementsByTagName(\"script\")[0];if(window[t]&&window[t].initialized)window[t].process&&window[t].process();else if(!e.getElementById(n)){var o=e.createElement(\"script\");o.async=1,o.id=n,o.src=\"https:\/\/e.infogram.com\/js\/dist\/embed-loader-min.js\",d.parentNode.insertBefore(o,d)}}(document,0,\"infogram-async\");<\/script><div style=\"padding:8px 0;font-family:Arial!important;font-size:13px!important;line-height:15px!important;text-align:center;border-top:1px solid #dadada;margin:0 30px\"><a href=\"https:\/\/infogram.com\/57079fd5-4ed8-4d41-ac78-a0afb5158f7c\" style=\"color:#989898!important;text-decoration:none!important;\" target=\"_blank\">Covid-19a ayr\u0131lan kaynaklar<\/a><br><a href=\"https:\/\/infogram.com\" style=\"color:#989898!important;text-decoration:none!important;\" target=\"_blank\" rel=\"nofollow\">Infogram<\/a><\/div>\n\t\t\t\t<\/div>\n\t\t\t\t<\/div>\n\t\t\t\t\t<\/div>\n\t\t<\/div>\n\t\t\t\t\t<\/div>\n\t\t<\/section>\n\t\t\t\t<\/div>\n\t\t","protected":false},"excerpt":{"rendered":"<p>Covid-19a ayr\u0131lan kaynaklar Infogram<\/p>\n","protected":false},"author":3,"featured_media":0,"parent":1802,"menu_order":0,"comment_status":"closed","ping_status":"closed","template":"elementor_header_footer","meta":{"footnotes":""},"class_list":["post-5307","page","type-page","status-publish","hentry"],"_links":{"self":[{"href":"https:\/\/arastirma.disk.org.tr\/index.php?rest_route=\/wp\/v2\/pages\/5307","targetHints":{"allow":["GET"]}}],"collection":[{"href":"https:\/\/arastirma.disk.org.tr\/index.php?rest_route=\/wp\/v2\/pages"}],"about":[{"href":"https:\/\/arastirma.disk.org.tr\/index.php?rest_route=\/wp\/v2\/types\/page"}],"author":[{"embeddable":true,"href":"https:\/\/arastirma.disk.org.tr\/index.php?rest_route=\/wp\/v2\/users\/3"}],"replies":[{"embeddable":true,"href":"https:\/\/arastirma.disk.org.tr\/index.php?rest_route=%2Fwp%2Fv2%2Fcomments&post=5307"}],"version-history":[{"count":3,"href":"https:\/\/arastirma.disk.org.tr\/index.php?rest_route=\/wp\/v2\/pages\/5307\/revisions"}],"predecessor-version":[{"id":5311,"href":"https:\/\/arastirma.disk.org.tr\/index.php?rest_route=\/wp\/v2\/pages\/5307\/revisions\/5311"}],"up":[{"embeddable":true,"href":"https:\/\/arastirma.disk.org.tr\/index.php?rest_route=\/wp\/v2\/pages\/1802"}],"wp:attachment":[{"href":"https:\/\/arastirma.disk.org.tr\/index.php?rest_route=%2Fwp%2Fv2%2Fmedia&parent=5307"}],"curies":[{"name":"wp","href":"https:\/\/api.w.org\/{rel}","templated":true}]}}