{"id":5314,"date":"2021-03-25T10:21:55","date_gmt":"2021-03-25T07:21:55","guid":{"rendered":"http:\/\/arastirma.disk.org.tr\/?page_id=5314"},"modified":"2021-03-25T10:25:26","modified_gmt":"2021-03-25T07:25:26","slug":"infografikle-turkiyede-ucret-ve-gelirlerde-cinsiyet-ucurumu","status":"publish","type":"page","link":"https:\/\/arastirma.disk.org.tr\/?page_id=5314","title":{"rendered":"\u0130nfografikle T\u00fcrkiye&#8217;de \u00dccret ve Gelirlerde Cinsiyet U\u00e7urumu"},"content":{"rendered":"\t\t<div data-elementor-type=\"wp-page\" data-elementor-id=\"5314\" class=\"elementor elementor-5314\">\n\t\t\t\t\t\t<section class=\"elementor-section elementor-top-section elementor-element elementor-element-65ce343 elementor-section-boxed elementor-section-height-default elementor-section-height-default\" data-id=\"65ce343\" data-element_type=\"section\">\n\t\t\t\t\t\t<div class=\"elementor-container elementor-column-gap-default\">\n\t\t\t\t\t<div class=\"elementor-column elementor-col-100 elementor-top-column elementor-element elementor-element-93cba44\" data-id=\"93cba44\" data-element_type=\"column\">\n\t\t\t<div class=\"elementor-widget-wrap elementor-element-populated\">\n\t\t\t\t\t\t<div class=\"elementor-element elementor-element-0440fc9 elementor-widget elementor-widget-html\" data-id=\"0440fc9\" data-element_type=\"widget\" data-widget_type=\"html.default\">\n\t\t\t\t<div class=\"elementor-widget-container\">\n\t\t\t\t\t<div class=\"infogram-embed\" data-id=\"db2dec25-ac49-4e0f-8b8f-0b8059dd1ada\" data-type=\"interactive\" data-title=\"\u00c7al\u0131\u015fma Ya\u015fam\u0131nda Toplumsal Cinsiyet E\u015fitsizli\u011fi Raporu\"><\/div><script>!function(e,i,n,s){var t=\"InfogramEmbeds\",d=e.getElementsByTagName(\"script\")[0];if(window[t]&&window[t].initialized)window[t].process&&window[t].process();else if(!e.getElementById(n)){var o=e.createElement(\"script\");o.async=1,o.id=n,o.src=\"https:\/\/e.infogram.com\/js\/dist\/embed-loader-min.js\",d.parentNode.insertBefore(o,d)}}(document,0,\"infogram-async\");<\/script><div style=\"padding:8px 0;font-family:Arial!important;font-size:13px!important;line-height:15px!important;text-align:center;border-top:1px solid #dadada;margin:0 30px\"><a href=\"https:\/\/infogram.com\/db2dec25-ac49-4e0f-8b8f-0b8059dd1ada\" style=\"color:#989898!important;text-decoration:none!important;\" target=\"_blank\">\u00c7al\u0131\u015fma Ya\u015fam\u0131nda Toplumsal Cinsiyet E\u015fitsizli\u011fi Raporu<\/a><br><a href=\"https:\/\/infogram.com\" style=\"color:#989898!important;text-decoration:none!important;\" target=\"_blank\" rel=\"nofollow\">Infogram<\/a><\/div>\t\t\t\t<\/div>\n\t\t\t\t<\/div>\n\t\t\t\t\t<\/div>\n\t\t<\/div>\n\t\t\t\t\t<\/div>\n\t\t<\/section>\n\t\t\t\t<\/div>\n\t\t","protected":false},"excerpt":{"rendered":"<p>\u00c7al\u0131\u015fma Ya\u015fam\u0131nda Toplumsal Cinsiyet E\u015fitsizli\u011fi Raporu Infogram<\/p>\n","protected":false},"author":3,"featured_media":0,"parent":1802,"menu_order":0,"comment_status":"closed","ping_status":"closed","template":"elementor_header_footer","meta":{"footnotes":""},"class_list":["post-5314","page","type-page","status-publish","hentry"],"_links":{"self":[{"href":"https:\/\/arastirma.disk.org.tr\/index.php?rest_route=\/wp\/v2\/pages\/5314","targetHints":{"allow":["GET"]}}],"collection":[{"href":"https:\/\/arastirma.disk.org.tr\/index.php?rest_route=\/wp\/v2\/pages"}],"about":[{"href":"https:\/\/arastirma.disk.org.tr\/index.php?rest_route=\/wp\/v2\/types\/page"}],"author":[{"embeddable":true,"href":"https:\/\/arastirma.disk.org.tr\/index.php?rest_route=\/wp\/v2\/users\/3"}],"replies":[{"embeddable":true,"href":"https:\/\/arastirma.disk.org.tr\/index.php?rest_route=%2Fwp%2Fv2%2Fcomments&post=5314"}],"version-history":[{"count":3,"href":"https:\/\/arastirma.disk.org.tr\/index.php?rest_route=\/wp\/v2\/pages\/5314\/revisions"}],"predecessor-version":[{"id":5317,"href":"https:\/\/arastirma.disk.org.tr\/index.php?rest_route=\/wp\/v2\/pages\/5314\/revisions\/5317"}],"up":[{"embeddable":true,"href":"https:\/\/arastirma.disk.org.tr\/index.php?rest_route=\/wp\/v2\/pages\/1802"}],"wp:attachment":[{"href":"https:\/\/arastirma.disk.org.tr\/index.php?rest_route=%2Fwp%2Fv2%2Fmedia&parent=5314"}],"curies":[{"name":"wp","href":"https:\/\/api.w.org\/{rel}","templated":true}]}}