{"id":7165,"date":"2021-07-06T16:08:24","date_gmt":"2021-07-06T13:08:24","guid":{"rendered":"http:\/\/arastirma.disk.org.tr\/?page_id=7165"},"modified":"2021-07-06T16:16:35","modified_gmt":"2021-07-06T13:16:35","slug":"disk-uyesi-sendikalarin-akademik-yayinlari","status":"publish","type":"page","link":"https:\/\/arastirma.disk.org.tr\/?page_id=7165","title":{"rendered":"D\u0130SK \u00dcyesi Sendikalar\u0131n Akademik Yay\u0131nlar\u0131"},"content":{"rendered":"\t\t<div data-elementor-type=\"wp-page\" data-elementor-id=\"7165\" class=\"elementor elementor-7165\">\n\t\t\t\t\t\t<section class=\"elementor-section elementor-top-section elementor-element elementor-element-9b99afa elementor-section-boxed elementor-section-height-default elementor-section-height-default\" data-id=\"9b99afa\" data-element_type=\"section\">\n\t\t\t\t\t\t<div class=\"elementor-container elementor-column-gap-default\">\n\t\t\t\t\t<div class=\"elementor-column elementor-col-100 elementor-top-column elementor-element elementor-element-d326785\" data-id=\"d326785\" data-element_type=\"column\">\n\t\t\t<div class=\"elementor-widget-wrap elementor-element-populated\">\n\t\t\t\t\t\t<div class=\"elementor-element elementor-element-71dfffd elementor-widget elementor-widget-heading\" data-id=\"71dfffd\" data-element_type=\"widget\" data-widget_type=\"heading.default\">\n\t\t\t\t<div class=\"elementor-widget-container\">\n\t\t\t\t\t<h2 class=\"elementor-heading-title elementor-size-default\">D\u0130SK \u00dcyesi Sendikalar\u0131n Akademik Yay\u0131nlar\u0131<\/h2>\t\t\t\t<\/div>\n\t\t\t\t<\/div>\n\t\t\t\t\t<\/div>\n\t\t<\/div>\n\t\t\t\t\t<\/div>\n\t\t<\/section>\n\t\t\t\t<section class=\"elementor-section elementor-top-section elementor-element elementor-element-f8ed080 elementor-section-boxed elementor-section-height-default elementor-section-height-default\" data-id=\"f8ed080\" data-element_type=\"section\">\n\t\t\t\t\t\t<div class=\"elementor-container elementor-column-gap-default\">\n\t\t\t\t\t<div class=\"elementor-column elementor-col-50 elementor-top-column elementor-element elementor-element-2b06dd3\" data-id=\"2b06dd3\" data-element_type=\"column\">\n\t\t\t<div class=\"elementor-widget-wrap elementor-element-populated\">\n\t\t\t\t\t\t<section class=\"elementor-section elementor-inner-section elementor-element elementor-element-f06f604 elementor-section-boxed elementor-section-height-default elementor-section-height-default\" data-id=\"f06f604\" data-element_type=\"section\" data-settings=\"{&quot;background_background&quot;:&quot;classic&quot;}\">\n\t\t\t\t\t\t<div class=\"elementor-container elementor-column-gap-default\">\n\t\t\t\t\t<div class=\"elementor-column elementor-col-100 elementor-inner-column elementor-element elementor-element-5cecaf9\" data-id=\"5cecaf9\" data-element_type=\"column\">\n\t\t\t<div class=\"elementor-widget-wrap elementor-element-populated\">\n\t\t\t\t\t\t<div class=\"elementor-element elementor-element-d1368ee elementor-widget elementor-widget-image\" data-id=\"d1368ee\" data-element_type=\"widget\" data-widget_type=\"image.default\">\n\t\t\t\t<div class=\"elementor-widget-container\">\n\t\t\t\t\t\t\t\t\t\t\t\t\t\t\t\t<a href=\"https:\/\/www.calismatoplum.org\">\n\t\t\t\t\t\t\t<img decoding=\"async\" width=\"255\" height=\"99\" src=\"https:\/\/arastirma.disk.org.tr\/wp-content\/uploads\/2020\/08\/\u00e7al\u0131\u015fma-ve-toplum.jpg\" class=\"attachment-medium size-medium wp-image-1718\" alt=\"\" \/>\t\t\t\t\t\t\t\t<\/a>\n\t\t\t\t\t\t\t\t\t\t\t\t\t\t\t<\/div>\n\t\t\t\t<\/div>\n\t\t\t\t<div class=\"elementor-element elementor-element-895b527 elementor-widget elementor-widget-image-box\" data-id=\"895b527\" data-element_type=\"widget\" data-widget_type=\"image-box.default\">\n\t\t\t\t<div class=\"elementor-widget-container\">\n\t\t\t\t\t<div class=\"elementor-image-box-wrapper\"><div class=\"elementor-image-box-content\"><h3 class=\"elementor-image-box-title\"><a href=\"https:\/\/www.calismatoplum.org\">\u00c7al\u0131\u015fma ve Toplum Dergisi<\/a><\/h3><p class=\"elementor-image-box-description\">D\u0130SK \u00fcyesi Birle\u015fik Metal-\u0130\u015f taraf\u0131ndan yay\u0131mlanan \u00fc\u00e7 ayl\u0131k hakemli akademik dergi.\n\u00c7al\u0131\u015fma ve Toplum, ULAKBIM endeksi taraf\u0131ndan taranmaktad\u0131r. Dergiye ula\u015fmak i\u00e7in g\u00f6rsele t\u0131klay\u0131n\u0131z<\/p><\/div><\/div>\t\t\t\t<\/div>\n\t\t\t\t<\/div>\n\t\t\t\t\t<\/div>\n\t\t<\/div>\n\t\t\t\t\t<\/div>\n\t\t<\/section>\n\t\t\t\t\t<\/div>\n\t\t<\/div>\n\t\t\t\t<div class=\"elementor-column elementor-col-50 elementor-top-column elementor-element elementor-element-b152c63\" data-id=\"b152c63\" data-element_type=\"column\">\n\t\t\t<div class=\"elementor-widget-wrap elementor-element-populated\">\n\t\t\t\t\t\t<section class=\"elementor-section elementor-inner-section elementor-element elementor-element-dd37a1c elementor-section-boxed elementor-section-height-default elementor-section-height-default\" data-id=\"dd37a1c\" data-element_type=\"section\" data-settings=\"{&quot;background_background&quot;:&quot;classic&quot;}\">\n\t\t\t\t\t\t<div class=\"elementor-container elementor-column-gap-default\">\n\t\t\t\t\t<div class=\"elementor-column elementor-col-100 elementor-inner-column elementor-element elementor-element-207118d\" data-id=\"207118d\" data-element_type=\"column\">\n\t\t\t<div class=\"elementor-widget-wrap elementor-element-populated\">\n\t\t\t\t\t\t<div class=\"elementor-element elementor-element-801cef7 elementor-widget elementor-widget-image\" data-id=\"801cef7\" data-element_type=\"widget\" data-widget_type=\"image.default\">\n\t\t\t\t<div class=\"elementor-widget-container\">\n\t\t\t\t\t\t\t\t\t\t\t\t\t\t\t\t<a href=\"http:\/\/www.emekarastirma.org\/index.php\">\n\t\t\t\t\t\t\t<img decoding=\"async\" width=\"300\" height=\"77\" src=\"https:\/\/arastirma.disk.org.tr\/wp-content\/uploads\/2020\/08\/emek-ara\u015ft\u0131rma-logo-300x77.png\" class=\"attachment-medium size-medium wp-image-1720\" alt=\"\" srcset=\"https:\/\/arastirma.disk.org.tr\/wp-content\/uploads\/2020\/08\/emek-ara\u015ft\u0131rma-logo-300x77.png 300w, https:\/\/arastirma.disk.org.tr\/wp-content\/uploads\/2020\/08\/emek-ara\u015ft\u0131rma-logo-1024x262.png 1024w, https:\/\/arastirma.disk.org.tr\/wp-content\/uploads\/2020\/08\/emek-ara\u015ft\u0131rma-logo-768x197.png 768w, https:\/\/arastirma.disk.org.tr\/wp-content\/uploads\/2020\/08\/emek-ara\u015ft\u0131rma-logo-1536x393.png 1536w, https:\/\/arastirma.disk.org.tr\/wp-content\/uploads\/2020\/08\/emek-ara\u015ft\u0131rma-logo.png 1605w\" sizes=\"(max-width: 300px) 100vw, 300px\" \/>\t\t\t\t\t\t\t\t<\/a>\n\t\t\t\t\t\t\t\t\t\t\t\t\t\t\t<\/div>\n\t\t\t\t<\/div>\n\t\t\t\t<div class=\"elementor-element elementor-element-a134c19 elementor-widget elementor-widget-image-box\" data-id=\"a134c19\" data-element_type=\"widget\" data-widget_type=\"image-box.default\">\n\t\t\t\t<div class=\"elementor-widget-container\">\n\t\t\t\t\t<div class=\"elementor-image-box-wrapper\"><div class=\"elementor-image-box-content\"><h3 class=\"elementor-image-box-title\"><a href=\"http:\/\/www.emekarastirma.org\/index.php\">Emek Ara\u015ft\u0131rma Dergisi<\/a><\/h3><p class=\"elementor-image-box-description\">D\u0130SK \u00fcyesi Genel-\u0130\u015f taraf\u0131ndan yay\u0131mlanan 6 ayl\u0131k hakemli dergi.\nemek Ara\u015ft\u0131rma, ULAKBIM endeksi taraf\u0131ndan taranmaktad\u0131r. \nDergiye ula\u015fmak i\u00e7in g\u00f6rsele t\u0131klay\u0131n.<\/p><\/div><\/div>\t\t\t\t<\/div>\n\t\t\t\t<\/div>\n\t\t\t\t\t<\/div>\n\t\t<\/div>\n\t\t\t\t\t<\/div>\n\t\t<\/section>\n\t\t\t\t\t<\/div>\n\t\t<\/div>\n\t\t\t\t\t<\/div>\n\t\t<\/section>\n\t\t\t\t<\/div>\n\t\t","protected":false},"excerpt":{"rendered":"<p>D\u0130SK \u00dcyesi Sendikalar\u0131n Akademik Yay\u0131nlar\u0131 \u00c7al\u0131\u015fma ve Toplum Dergisi D\u0130SK \u00fcyesi Birle\u015fik Metal-\u0130\u015f taraf\u0131ndan yay\u0131mlanan \u00fc\u00e7 ayl\u0131k hakemli akademik dergi. \u00c7al\u0131\u015fma ve Toplum, ULAKBIM endeksi&#8230;<\/p>\n","protected":false},"author":3,"featured_media":0,"parent":5899,"menu_order":0,"comment_status":"closed","ping_status":"closed","template":"elementor_header_footer","meta":{"footnotes":""},"class_list":["post-7165","page","type-page","status-publish","hentry"],"_links":{"self":[{"href":"https:\/\/arastirma.disk.org.tr\/index.php?rest_route=\/wp\/v2\/pages\/7165","targetHints":{"allow":["GET"]}}],"collection":[{"href":"https:\/\/arastirma.disk.org.tr\/index.php?rest_route=\/wp\/v2\/pages"}],"about":[{"href":"https:\/\/arastirma.disk.org.tr\/index.php?rest_route=\/wp\/v2\/types\/page"}],"author":[{"embeddable":true,"href":"https:\/\/arastirma.disk.org.tr\/index.php?rest_route=\/wp\/v2\/users\/3"}],"replies":[{"embeddable":true,"href":"https:\/\/arastirma.disk.org.tr\/index.php?rest_route=%2Fwp%2Fv2%2Fcomments&post=7165"}],"version-history":[{"count":10,"href":"https:\/\/arastirma.disk.org.tr\/index.php?rest_route=\/wp\/v2\/pages\/7165\/revisions"}],"predecessor-version":[{"id":7179,"href":"https:\/\/arastirma.disk.org.tr\/index.php?rest_route=\/wp\/v2\/pages\/7165\/revisions\/7179"}],"up":[{"embeddable":true,"href":"https:\/\/arastirma.disk.org.tr\/index.php?rest_route=\/wp\/v2\/pages\/5899"}],"wp:attachment":[{"href":"https:\/\/arastirma.disk.org.tr\/index.php?rest_route=%2Fwp%2Fv2%2Fmedia&parent=7165"}],"curies":[{"name":"wp","href":"https:\/\/api.w.org\/{rel}","templated":true}]}}